{"id":65958,"date":"2024-03-22T15:02:55","date_gmt":"2024-03-22T14:02:55","guid":{"rendered":"https:\/\/abinox-chr-clim.com\/index.php\/product\/gobelet-en-cristal-olympia-285ml-lot-de-6\/"},"modified":"2026-04-02T08:49:40","modified_gmt":"2026-04-02T06:49:40","slug":"gobelet-en-cristal-olympia-285ml-lot-de-6","status":"publish","type":"product","link":"https:\/\/abinox-chr-clim.com\/index.php\/product\/gobelet-en-cristal-olympia-285ml-lot-de-6\/","title":{"rendered":"Gobelet en cristal Olympia 285ml (Lot de 6)"},"content":{"rendered":"<p>Verres classiques droits en cristal sans plomb. Passent au lave-verres. R\u00e9sistants et durables. Extr\u00eamement lumineux et attrayants avec une excellente clart\u00e9.<br \/>Le design classique \u00e0 c\u00f4t\u00e9s droits convient pour servir toutes les sortes de boissons. Fabriqu\u00e9 en verre de cristal de haute qualit\u00e9 pour une transparence ultra-claire. Plus solide que le verre standard et exceptionnellement r\u00e9sistant \u00e0 la casse. Le verre de cristal ne contient pas de plomb pour une finition encore plus fine et un aspect plus gracieux. Lavable au lave-vaisselle pour \u00e9conomiser du temps et des efforts lors du nettoyage. Veuillez noter que ces gobelets en cristal ne sont pas marqu\u00e9s CE.  Le design classique \u00e0 c\u00f4t\u00e9s droits convient pour servir toutes les sortes de boissons.<\/p>\n<p>Caract\u00e9ristiques :<br \/>Lot : 6.<br \/> Capacit\u00e9 : 285ml.<br \/> Dimensions : 90(H)x 75(\u00d8)mm.<br \/> Mati\u00e8re : Cristal.<br \/> Couleur : Transparent.<\/p>\n","protected":false},"excerpt":{"rendered":"<p>Gobelet en cristal Olympia 285ml (Lot de 6)<\/p>\n","protected":false},"featured_media":101497,"comment_status":"closed","ping_status":"closed","template":"","meta":[],"product_brand":[],"product_cat":[1023,1055,1297,1051],"product_tag":[],"class_list":{"0":"post-65958","1":"product","2":"type-product","3":"status-publish","4":"has-post-thumbnail","6":"product_cat-art-de-la-table","7":"product_cat-chopes-et-gobelets","8":"product_cat-non-palettisable","9":"product_cat-verrerie","10":"product_shipping_class-free-shipping","12":"first","13":"outofstock","14":"featured","15":"taxable","16":"shipping-taxable","17":"purchasable","18":"product-type-simple"},"_links":{"self":[{"href":"https:\/\/abinox-chr-clim.com\/index.php\/wp-json\/wp\/v2\/product\/65958","targetHints":{"allow":["GET"]}}],"collection":[{"href":"https:\/\/abinox-chr-clim.com\/index.php\/wp-json\/wp\/v2\/product"}],"about":[{"href":"https:\/\/abinox-chr-clim.com\/index.php\/wp-json\/wp\/v2\/types\/product"}],"replies":[{"embeddable":true,"href":"https:\/\/abinox-chr-clim.com\/index.php\/wp-json\/wp\/v2\/comments?post=65958"}],"wp:featuredmedia":[{"embeddable":true,"href":"https:\/\/abinox-chr-clim.com\/index.php\/wp-json\/wp\/v2\/media\/101497"}],"wp:attachment":[{"href":"https:\/\/abinox-chr-clim.com\/index.php\/wp-json\/wp\/v2\/media?parent=65958"}],"wp:term":[{"taxonomy":"product_brand","embeddable":true,"href":"https:\/\/abinox-chr-clim.com\/index.php\/wp-json\/wp\/v2\/product_brand?post=65958"},{"taxonomy":"product_cat","embeddable":true,"href":"https:\/\/abinox-chr-clim.com\/index.php\/wp-json\/wp\/v2\/product_cat?post=65958"},{"taxonomy":"product_tag","embeddable":true,"href":"https:\/\/abinox-chr-clim.com\/index.php\/wp-json\/wp\/v2\/product_tag?post=65958"}],"curies":[{"name":"wp","href":"https:\/\/api.w.org\/{rel}","templated":true}]}}