{"id":65953,"date":"2024-03-22T15:02:53","date_gmt":"2024-03-22T14:02:53","guid":{"rendered":"https:\/\/abinox-chr-clim.com\/index.php\/product\/chopes-arcoroc-broadway-380ml-lot-de-24\/"},"modified":"2026-04-21T10:02:51","modified_gmt":"2026-04-21T08:02:51","slug":"chopes-arcoroc-broadway-380ml-lot-de-24","status":"publish","type":"product","link":"https:\/\/abinox-chr-clim.com\/index.php\/product\/chopes-arcoroc-broadway-380ml-lot-de-24\/","title":{"rendered":"Chopes Arcoroc Broadway 380ml (lot de 24)"},"content":{"rendered":"<p>La gamme Broadway est une collection de verres au style \u00e9l\u00e9gant et vintage, \u00ab verre taill\u00e9 \u00bb. Le verre est poli \u00e0 la flamme pour plus de clart\u00e9 et de brillance.<br \/>Effet verre taill\u00e9. Poli \u00e0 la flamme pour un \u00e9clat et une clart\u00e9 incomparables. Parfait pour les cocktails longs, les spiritueux et les boissons non alcoolis\u00e9es. Effet vintage d\u00e9cal\u00e9. Solide, durable et passe au lave-verre.  Effet verre taill\u00e9.<\/p>\n<p>Caract\u00e9ristiques :<br \/>Lot : 24.<br \/> Capacit\u00e9 : 38 cl.<br \/> Dimensions : 147(H) x 75(\u00d8) mm.<br \/> Mati\u00e8re : Savon.<br \/> Couleur : Transparent.<\/p>\n","protected":false},"excerpt":{"rendered":"<p>Chopes Arcoroc Broadway 380ml (lot de 24)<\/p>\n","protected":false},"featured_media":97162,"comment_status":"closed","ping_status":"closed","template":"","meta":[],"product_brand":[],"product_cat":[1023,1055,1297,1051],"product_tag":[],"class_list":{"0":"post-65953","1":"product","2":"type-product","3":"status-publish","4":"has-post-thumbnail","6":"product_cat-art-de-la-table","7":"product_cat-chopes-et-gobelets","8":"product_cat-non-palettisable","9":"product_cat-verrerie","10":"product_shipping_class-free-shipping","12":"first","13":"instock","14":"featured","15":"taxable","16":"shipping-taxable","17":"purchasable","18":"product-type-simple"},"_links":{"self":[{"href":"https:\/\/abinox-chr-clim.com\/index.php\/wp-json\/wp\/v2\/product\/65953","targetHints":{"allow":["GET"]}}],"collection":[{"href":"https:\/\/abinox-chr-clim.com\/index.php\/wp-json\/wp\/v2\/product"}],"about":[{"href":"https:\/\/abinox-chr-clim.com\/index.php\/wp-json\/wp\/v2\/types\/product"}],"replies":[{"embeddable":true,"href":"https:\/\/abinox-chr-clim.com\/index.php\/wp-json\/wp\/v2\/comments?post=65953"}],"wp:featuredmedia":[{"embeddable":true,"href":"https:\/\/abinox-chr-clim.com\/index.php\/wp-json\/wp\/v2\/media\/97162"}],"wp:attachment":[{"href":"https:\/\/abinox-chr-clim.com\/index.php\/wp-json\/wp\/v2\/media?parent=65953"}],"wp:term":[{"taxonomy":"product_brand","embeddable":true,"href":"https:\/\/abinox-chr-clim.com\/index.php\/wp-json\/wp\/v2\/product_brand?post=65953"},{"taxonomy":"product_cat","embeddable":true,"href":"https:\/\/abinox-chr-clim.com\/index.php\/wp-json\/wp\/v2\/product_cat?post=65953"},{"taxonomy":"product_tag","embeddable":true,"href":"https:\/\/abinox-chr-clim.com\/index.php\/wp-json\/wp\/v2\/product_tag?post=65953"}],"curies":[{"name":"wp","href":"https:\/\/api.w.org\/{rel}","templated":true}]}}