{"id":65939,"date":"2024-03-22T15:02:49","date_gmt":"2024-03-22T14:02:49","guid":{"rendered":"https:\/\/abinox-chr-clim.com\/index.php\/product\/verres-a-whisky-utopia-330-ml-lot-de-12\/"},"modified":"2026-04-15T09:30:11","modified_gmt":"2026-04-15T07:30:11","slug":"verres-a-whisky-utopia-330-ml-lot-de-12","status":"publish","type":"product","link":"https:\/\/abinox-chr-clim.com\/index.php\/product\/verres-a-whisky-utopia-330-ml-lot-de-12\/","title":{"rendered":"Verres \u00e0 whisky Utopia 330 ml (lot de 12)"},"content":{"rendered":"<p>Verrerie contemporaine poss\u00e9dant une base lourde et r\u00e9sistante pour plus de stabilit\u00e9. Compatible lave-vaisselle.<br \/>Le design contemporain ajoute une touche \u00e9l\u00e9gante \u00e0 vos services de boissons. La base lest\u00e9e am\u00e9liore la stabilit\u00e9 pour \u00e9viter les d\u00e9versements. La conception lourde est agr\u00e9able en main. Le verre haute clart\u00e9 met en valeur vos spiritueux, liqueurs ou cocktails. Conception facile \u00e0 nettoyer pour une rotation rapide de la verrerie. Ce produit n&rsquo;est pas marqu\u00e9 CE.Poids par pi\u00e8ce : 11g. Le design contemporain ajoute une touche \u00e9l\u00e9gante \u00e0 vos services de boissons.<\/p>\n<p>Caract\u00e9ristiques :<br \/>Lot : 12.<br \/> Capacit\u00e9 : 33 cl.<br \/> Dimensions : 85(h)mm.<br \/> Mati\u00e8re : Verre.<br \/> Couleur : Transparent.<\/p>\n","protected":false},"excerpt":{"rendered":"<p>Verres \u00e0 whisky Utopia 330 ml (lot de 12)<\/p>\n","protected":false},"featured_media":103364,"comment_status":"closed","ping_status":"closed","template":"","meta":[],"product_brand":[],"product_cat":[1023,1055,1297,1051],"product_tag":[],"class_list":{"0":"post-65939","1":"product","2":"type-product","3":"status-publish","4":"has-post-thumbnail","6":"product_cat-art-de-la-table","7":"product_cat-chopes-et-gobelets","8":"product_cat-non-palettisable","9":"product_cat-verrerie","10":"product_shipping_class-free-shipping","12":"first","13":"outofstock","14":"featured","15":"taxable","16":"shipping-taxable","17":"purchasable","18":"product-type-simple"},"_links":{"self":[{"href":"https:\/\/abinox-chr-clim.com\/index.php\/wp-json\/wp\/v2\/product\/65939","targetHints":{"allow":["GET"]}}],"collection":[{"href":"https:\/\/abinox-chr-clim.com\/index.php\/wp-json\/wp\/v2\/product"}],"about":[{"href":"https:\/\/abinox-chr-clim.com\/index.php\/wp-json\/wp\/v2\/types\/product"}],"replies":[{"embeddable":true,"href":"https:\/\/abinox-chr-clim.com\/index.php\/wp-json\/wp\/v2\/comments?post=65939"}],"wp:featuredmedia":[{"embeddable":true,"href":"https:\/\/abinox-chr-clim.com\/index.php\/wp-json\/wp\/v2\/media\/103364"}],"wp:attachment":[{"href":"https:\/\/abinox-chr-clim.com\/index.php\/wp-json\/wp\/v2\/media?parent=65939"}],"wp:term":[{"taxonomy":"product_brand","embeddable":true,"href":"https:\/\/abinox-chr-clim.com\/index.php\/wp-json\/wp\/v2\/product_brand?post=65939"},{"taxonomy":"product_cat","embeddable":true,"href":"https:\/\/abinox-chr-clim.com\/index.php\/wp-json\/wp\/v2\/product_cat?post=65939"},{"taxonomy":"product_tag","embeddable":true,"href":"https:\/\/abinox-chr-clim.com\/index.php\/wp-json\/wp\/v2\/product_tag?post=65939"}],"curies":[{"name":"wp","href":"https:\/\/api.w.org\/{rel}","templated":true}]}}