{"id":65934,"date":"2024-03-22T15:02:44","date_gmt":"2024-03-22T14:02:44","guid":{"rendered":"https:\/\/abinox-chr-clim.com\/index.php\/product\/chopes-utopia-casablanca-360ml-lot-de-48\/"},"modified":"2026-04-02T09:13:16","modified_gmt":"2026-04-02T07:13:16","slug":"chopes-utopia-casablanca-360ml-lot-de-48","status":"publish","type":"product","link":"https:\/\/abinox-chr-clim.com\/index.php\/product\/chopes-utopia-casablanca-360ml-lot-de-48\/","title":{"rendered":"Chopes Utopia Casablanca 360ml (Lot de 48)"},"content":{"rendered":"<p>Collection compl\u00e8te de verres de forme classique intemporelle enti\u00e8rement renforc\u00e9s. Lavables au lave-verres.<\/p>\n<p>Caract\u00e9ristiques :<br \/>Lot : 48.<br \/> Capacit\u00e9 : 36 cl.<br \/> Dimensions : 121(h)mm.<br \/> Mati\u00e8re : Verre.<br \/> Couleur : Transparent.<\/p>\n","protected":false},"excerpt":{"rendered":"<p>Chopes Utopia Casablanca 360ml (Lot de 48)<\/p>\n","protected":false},"featured_media":103340,"comment_status":"closed","ping_status":"closed","template":"","meta":[],"product_brand":[],"product_cat":[1023,1055,1297,1051],"product_tag":[],"class_list":{"0":"post-65934","1":"product","2":"type-product","3":"status-publish","4":"has-post-thumbnail","6":"product_cat-art-de-la-table","7":"product_cat-chopes-et-gobelets","8":"product_cat-non-palettisable","9":"product_cat-verrerie","10":"product_shipping_class-free-shipping","12":"first","13":"outofstock","14":"featured","15":"taxable","16":"shipping-taxable","17":"purchasable","18":"product-type-simple"},"_links":{"self":[{"href":"https:\/\/abinox-chr-clim.com\/index.php\/wp-json\/wp\/v2\/product\/65934","targetHints":{"allow":["GET"]}}],"collection":[{"href":"https:\/\/abinox-chr-clim.com\/index.php\/wp-json\/wp\/v2\/product"}],"about":[{"href":"https:\/\/abinox-chr-clim.com\/index.php\/wp-json\/wp\/v2\/types\/product"}],"replies":[{"embeddable":true,"href":"https:\/\/abinox-chr-clim.com\/index.php\/wp-json\/wp\/v2\/comments?post=65934"}],"wp:featuredmedia":[{"embeddable":true,"href":"https:\/\/abinox-chr-clim.com\/index.php\/wp-json\/wp\/v2\/media\/103340"}],"wp:attachment":[{"href":"https:\/\/abinox-chr-clim.com\/index.php\/wp-json\/wp\/v2\/media?parent=65934"}],"wp:term":[{"taxonomy":"product_brand","embeddable":true,"href":"https:\/\/abinox-chr-clim.com\/index.php\/wp-json\/wp\/v2\/product_brand?post=65934"},{"taxonomy":"product_cat","embeddable":true,"href":"https:\/\/abinox-chr-clim.com\/index.php\/wp-json\/wp\/v2\/product_cat?post=65934"},{"taxonomy":"product_tag","embeddable":true,"href":"https:\/\/abinox-chr-clim.com\/index.php\/wp-json\/wp\/v2\/product_tag?post=65934"}],"curies":[{"name":"wp","href":"https:\/\/api.w.org\/{rel}","templated":true}]}}