{"id":65920,"date":"2024-03-22T15:02:39","date_gmt":"2024-03-22T14:02:39","guid":{"rendered":"https:\/\/abinox-chr-clim.com\/index.php\/product\/gobelets-chef-sommelier-primary-270ml-lot-de-24\/"},"modified":"2026-04-14T09:29:59","modified_gmt":"2026-04-14T07:29:59","slug":"gobelets-chef-sommelier-primary-270ml-lot-de-24","status":"publish","type":"product","link":"https:\/\/abinox-chr-clim.com\/index.php\/product\/gobelets-chef-sommelier-primary-270ml-lot-de-24\/","title":{"rendered":"Gobelets Chef &#038; Sommelier Primary 270ml (lot de 24)"},"content":{"rendered":"<p>Le verre id\u00e9al pour les vins, l&rsquo;eau ou des cocktails. Lavable au lave-verres.<br \/>Fait de verre Kwarx avanc\u00e9. Cette technologie offre une r\u00e9sistance accrue aux chocs et aux rayures et une excellente conservation de la clart\u00e9. Le Kwarx est un mat\u00e9riau in\u00e9dit aux propri\u00e9t\u00e9s in\u00e9gal\u00e9es apportant puret\u00e9 et transparence absolue, \u00e9clat perp\u00e9tuel, r\u00e9sistance chimique et m\u00e9canique. .Fait de verre Kwarx avanc\u00e9. Cette technologie offre une r\u00e9sistance accrue aux chocs et aux rayures et une excellente conservation de la clart\u00e9.<\/p>\n<p>Caract\u00e9ristiques :<br \/>Lot : 24.<br \/> Capacit\u00e9 : 270ml.<br \/> Dimensions : 93(H) x 57(\u00d8) mm.<br \/> Mati\u00e8re : Verre Krysta.<br \/> Couleur : Transparent.<\/p>\n","protected":false},"excerpt":{"rendered":"<p>Gobelets Chef &#038; Sommelier Primary 270ml (lot de 24)<\/p>\n","protected":false},"featured_media":90021,"comment_status":"closed","ping_status":"closed","template":"","meta":[],"product_brand":[],"product_cat":[1023,1055,1297,1051],"product_tag":[],"class_list":{"0":"post-65920","1":"product","2":"type-product","3":"status-publish","4":"has-post-thumbnail","6":"product_cat-art-de-la-table","7":"product_cat-chopes-et-gobelets","8":"product_cat-non-palettisable","9":"product_cat-verrerie","10":"product_shipping_class-free-shipping","12":"first","13":"instock","14":"featured","15":"taxable","16":"shipping-taxable","17":"purchasable","18":"product-type-simple"},"_links":{"self":[{"href":"https:\/\/abinox-chr-clim.com\/index.php\/wp-json\/wp\/v2\/product\/65920","targetHints":{"allow":["GET"]}}],"collection":[{"href":"https:\/\/abinox-chr-clim.com\/index.php\/wp-json\/wp\/v2\/product"}],"about":[{"href":"https:\/\/abinox-chr-clim.com\/index.php\/wp-json\/wp\/v2\/types\/product"}],"replies":[{"embeddable":true,"href":"https:\/\/abinox-chr-clim.com\/index.php\/wp-json\/wp\/v2\/comments?post=65920"}],"wp:featuredmedia":[{"embeddable":true,"href":"https:\/\/abinox-chr-clim.com\/index.php\/wp-json\/wp\/v2\/media\/90021"}],"wp:attachment":[{"href":"https:\/\/abinox-chr-clim.com\/index.php\/wp-json\/wp\/v2\/media?parent=65920"}],"wp:term":[{"taxonomy":"product_brand","embeddable":true,"href":"https:\/\/abinox-chr-clim.com\/index.php\/wp-json\/wp\/v2\/product_brand?post=65920"},{"taxonomy":"product_cat","embeddable":true,"href":"https:\/\/abinox-chr-clim.com\/index.php\/wp-json\/wp\/v2\/product_cat?post=65920"},{"taxonomy":"product_tag","embeddable":true,"href":"https:\/\/abinox-chr-clim.com\/index.php\/wp-json\/wp\/v2\/product_tag?post=65920"}],"curies":[{"name":"wp","href":"https:\/\/api.w.org\/{rel}","templated":true}]}}