{"id":65909,"date":"2024-03-22T15:02:35","date_gmt":"2024-03-22T14:02:35","guid":{"rendered":"https:\/\/abinox-chr-clim.com\/index.php\/product\/verres-a-whisky-olympia-old-duke-295ml-lot-de-6\/"},"modified":"2026-04-15T10:10:38","modified_gmt":"2026-04-15T08:10:38","slug":"verres-a-whisky-olympia-old-duke-295ml-lot-de-6","status":"publish","type":"product","link":"https:\/\/abinox-chr-clim.com\/index.php\/product\/verres-a-whisky-olympia-old-duke-295ml-lot-de-6\/","title":{"rendered":"Verres \u00e0 whisky Olympia Old Duke 295ml (lot de 6)"},"content":{"rendered":"<p>L&rsquo;effet verre taill\u00e9 de la gamme Old Duke apporte une touche r\u00e9tro \u00e0 votre service de bar. Verres lavables au lave-verres.<br \/>R\u00e9tro. Style verre taill\u00e9. Compatible lave-vaisselle. Parfait pour le whisky. Parfaitement adapt\u00e9 aux bars et restaurants.  R\u00e9tro.<\/p>\n<p>Caract\u00e9ristiques :<br \/>Lot : 6.<br \/> Capacit\u00e9 : 29,5 cl.<br \/> Dimensions : 101(H) x 83(\u00d8) mm.<br \/> Mati\u00e8re : Verre.<br \/> Couleur : Transparent.<\/p>\n","protected":false},"excerpt":{"rendered":"<p>Verres \u00e0 whisky Olympia Old Duke 295ml (lot de 6)<\/p>\n","protected":false},"featured_media":87323,"comment_status":"closed","ping_status":"closed","template":"","meta":[],"product_brand":[],"product_cat":[1023,1055,1297,1051],"product_tag":[],"class_list":{"0":"post-65909","1":"product","2":"type-product","3":"status-publish","4":"has-post-thumbnail","6":"product_cat-art-de-la-table","7":"product_cat-chopes-et-gobelets","8":"product_cat-non-palettisable","9":"product_cat-verrerie","10":"product_shipping_class-free-shipping","12":"first","13":"outofstock","14":"featured","15":"taxable","16":"shipping-taxable","17":"purchasable","18":"product-type-simple"},"_links":{"self":[{"href":"https:\/\/abinox-chr-clim.com\/index.php\/wp-json\/wp\/v2\/product\/65909","targetHints":{"allow":["GET"]}}],"collection":[{"href":"https:\/\/abinox-chr-clim.com\/index.php\/wp-json\/wp\/v2\/product"}],"about":[{"href":"https:\/\/abinox-chr-clim.com\/index.php\/wp-json\/wp\/v2\/types\/product"}],"replies":[{"embeddable":true,"href":"https:\/\/abinox-chr-clim.com\/index.php\/wp-json\/wp\/v2\/comments?post=65909"}],"wp:featuredmedia":[{"embeddable":true,"href":"https:\/\/abinox-chr-clim.com\/index.php\/wp-json\/wp\/v2\/media\/87323"}],"wp:attachment":[{"href":"https:\/\/abinox-chr-clim.com\/index.php\/wp-json\/wp\/v2\/media?parent=65909"}],"wp:term":[{"taxonomy":"product_brand","embeddable":true,"href":"https:\/\/abinox-chr-clim.com\/index.php\/wp-json\/wp\/v2\/product_brand?post=65909"},{"taxonomy":"product_cat","embeddable":true,"href":"https:\/\/abinox-chr-clim.com\/index.php\/wp-json\/wp\/v2\/product_cat?post=65909"},{"taxonomy":"product_tag","embeddable":true,"href":"https:\/\/abinox-chr-clim.com\/index.php\/wp-json\/wp\/v2\/product_tag?post=65909"}],"curies":[{"name":"wp","href":"https:\/\/api.w.org\/{rel}","templated":true}]}}