{"id":65902,"date":"2024-03-22T15:02:30","date_gmt":"2024-03-22T14:02:30","guid":{"rendered":"https:\/\/abinox-chr-clim.com\/index.php\/product\/chope-olympia-285ml-marquage-ce-x48\/"},"modified":"2026-02-18T09:30:46","modified_gmt":"2026-02-18T08:30:46","slug":"chope-olympia-285ml-marquage-ce-x48","status":"publish","type":"product","link":"https:\/\/abinox-chr-clim.com\/index.php\/product\/chope-olympia-285ml-marquage-ce-x48\/","title":{"rendered":"Chope Olympia 285ml marquage CE x48"},"content":{"rendered":"<p>Verres droits polyvalents, parfaits pour tout type d&rsquo;\u00e9tablissement et toutes sortes de boissons. Lavables au lave-verres.<br \/>Fourni par lot de 48 pour un excellent rapport qualit\u00e9-prix. Le contenant droit donne un aspect \u00e9l\u00e9gant et moderne. La base \u00e9paisse et lest\u00e9e contribue \u00e0 am\u00e9liorer la stabilit\u00e9 et \u00e0 r\u00e9duire les d\u00e9versements. Le lave-vaisselle permet un nettoyage rapide et hygi\u00e9nique. Bord roul\u00e9 pour la durabilit\u00e9 et la pr\u00e9vention des \u00e9clats.  Fourni par lot de 48 pour un excellent rapport qualit\u00e9-prix.<\/p>\n<p>Caract\u00e9ristiques :<br \/>Lot : 48.<br \/> Capacit\u00e9 : 28,5 cl.<br \/> Dimensions : 126,5(H) x 65,7(\u00d8) mm.<br \/> Mati\u00e8re : Verre.<br \/> Couleur : Transparent.<\/p>\n","protected":false},"excerpt":{"rendered":"<p>Chope Olympia 285ml marquage CE x48<\/p>\n","protected":false},"featured_media":80421,"comment_status":"closed","ping_status":"closed","template":"","meta":[],"product_brand":[],"product_cat":[1023,1055,1297,1051],"product_tag":[],"class_list":{"0":"post-65902","1":"product","2":"type-product","3":"status-publish","4":"has-post-thumbnail","6":"product_cat-art-de-la-table","7":"product_cat-chopes-et-gobelets","8":"product_cat-non-palettisable","9":"product_cat-verrerie","10":"product_shipping_class-free-shipping","12":"first","13":"outofstock","14":"featured","15":"taxable","16":"shipping-taxable","17":"purchasable","18":"product-type-simple"},"_links":{"self":[{"href":"https:\/\/abinox-chr-clim.com\/index.php\/wp-json\/wp\/v2\/product\/65902","targetHints":{"allow":["GET"]}}],"collection":[{"href":"https:\/\/abinox-chr-clim.com\/index.php\/wp-json\/wp\/v2\/product"}],"about":[{"href":"https:\/\/abinox-chr-clim.com\/index.php\/wp-json\/wp\/v2\/types\/product"}],"replies":[{"embeddable":true,"href":"https:\/\/abinox-chr-clim.com\/index.php\/wp-json\/wp\/v2\/comments?post=65902"}],"wp:featuredmedia":[{"embeddable":true,"href":"https:\/\/abinox-chr-clim.com\/index.php\/wp-json\/wp\/v2\/media\/80421"}],"wp:attachment":[{"href":"https:\/\/abinox-chr-clim.com\/index.php\/wp-json\/wp\/v2\/media?parent=65902"}],"wp:term":[{"taxonomy":"product_brand","embeddable":true,"href":"https:\/\/abinox-chr-clim.com\/index.php\/wp-json\/wp\/v2\/product_brand?post=65902"},{"taxonomy":"product_cat","embeddable":true,"href":"https:\/\/abinox-chr-clim.com\/index.php\/wp-json\/wp\/v2\/product_cat?post=65902"},{"taxonomy":"product_tag","embeddable":true,"href":"https:\/\/abinox-chr-clim.com\/index.php\/wp-json\/wp\/v2\/product_tag?post=65902"}],"curies":[{"name":"wp","href":"https:\/\/api.w.org\/{rel}","templated":true}]}}