{"id":65893,"date":"2024-03-22T15:02:27","date_gmt":"2024-03-22T14:02:27","guid":{"rendered":"https:\/\/abinox-chr-clim.com\/index.php\/product\/flutes-a-champagne-utopia-imperial-210ml-lot-de-24\/"},"modified":"2026-04-15T09:17:25","modified_gmt":"2026-04-15T07:17:25","slug":"flutes-a-champagne-utopia-imperial-210ml-lot-de-24","status":"publish","type":"product","link":"https:\/\/abinox-chr-clim.com\/index.php\/product\/flutes-a-champagne-utopia-imperial-210ml-lot-de-24\/","title":{"rendered":"Fl\u00fbtes \u00e0 champagne Utopia Imperial 210ml (lot de 24)"},"content":{"rendered":"<p>Verres robustes con\u00e7us d&rsquo;une seule pi\u00e8ce. Plus r\u00e9sistants que les verres standards premiers prix. Lavable au lave-verres.<br \/>Compatible lave-verres. Sans marquage CE.  Poids par pi\u00e8ce : 22,5 g. Compatible lave-verres.<\/p>\n<p>Caract\u00e9ristiques :<br \/>Lot : 24.<br \/> Capacit\u00e9 : 21 cl.<br \/> Dimensions : 210(H) x 63(\u00d8) mm.<br \/> Mati\u00e8re : Verre.<br \/> Couleur : Transparent.<\/p>\n","protected":false},"excerpt":{"rendered":"<p>Fl\u00fbtes \u00e0 champagne Utopia Imperial 210ml (lot de 24)<\/p>\n","protected":false},"featured_media":103524,"comment_status":"closed","ping_status":"closed","template":"","meta":[],"product_brand":[],"product_cat":[1023,1054,1297,1051],"product_tag":[],"class_list":{"0":"post-65893","1":"product","2":"type-product","3":"status-publish","4":"has-post-thumbnail","6":"product_cat-art-de-la-table","7":"product_cat-champagne","8":"product_cat-non-palettisable","9":"product_cat-verrerie","10":"product_shipping_class-free-shipping","12":"first","13":"outofstock","14":"featured","15":"taxable","16":"shipping-taxable","17":"purchasable","18":"product-type-simple"},"_links":{"self":[{"href":"https:\/\/abinox-chr-clim.com\/index.php\/wp-json\/wp\/v2\/product\/65893","targetHints":{"allow":["GET"]}}],"collection":[{"href":"https:\/\/abinox-chr-clim.com\/index.php\/wp-json\/wp\/v2\/product"}],"about":[{"href":"https:\/\/abinox-chr-clim.com\/index.php\/wp-json\/wp\/v2\/types\/product"}],"replies":[{"embeddable":true,"href":"https:\/\/abinox-chr-clim.com\/index.php\/wp-json\/wp\/v2\/comments?post=65893"}],"wp:featuredmedia":[{"embeddable":true,"href":"https:\/\/abinox-chr-clim.com\/index.php\/wp-json\/wp\/v2\/media\/103524"}],"wp:attachment":[{"href":"https:\/\/abinox-chr-clim.com\/index.php\/wp-json\/wp\/v2\/media?parent=65893"}],"wp:term":[{"taxonomy":"product_brand","embeddable":true,"href":"https:\/\/abinox-chr-clim.com\/index.php\/wp-json\/wp\/v2\/product_brand?post=65893"},{"taxonomy":"product_cat","embeddable":true,"href":"https:\/\/abinox-chr-clim.com\/index.php\/wp-json\/wp\/v2\/product_cat?post=65893"},{"taxonomy":"product_tag","embeddable":true,"href":"https:\/\/abinox-chr-clim.com\/index.php\/wp-json\/wp\/v2\/product_tag?post=65893"}],"curies":[{"name":"wp","href":"https:\/\/api.w.org\/{rel}","templated":true}]}}