{"id":65889,"date":"2024-03-22T15:02:26","date_gmt":"2024-03-22T14:02:26","guid":{"rendered":"https:\/\/abinox-chr-clim.com\/index.php\/product\/flutes-brio-arcoroc-160ml-lot-de-24\/"},"modified":"2026-04-29T10:52:42","modified_gmt":"2026-04-29T08:52:42","slug":"flutes-brio-arcoroc-160ml-lot-de-24","status":"publish","type":"product","link":"https:\/\/abinox-chr-clim.com\/index.php\/product\/flutes-brio-arcoroc-160ml-lot-de-24\/","title":{"rendered":"Fl\u00fbtes Brio Arcoroc 160ml (lot de 24)"},"content":{"rendered":"<p>Fl\u00fbte de forme moderne et avec un buvant fin pour un rendu de qualit\u00e9 et d&rsquo;\u00e9l\u00e9gance. Id\u00e9ale pour le champagne, les vins champagnis\u00e9s et les cocktails.<br \/>Design \u00e9pur\u00e9 et \u00e9l\u00e9gant. Id\u00e9al pour les cocktails, le vin p\u00e9tillant et plus. Effervescence Plus : garde vos bulles p\u00e9tillantes plus longtemps. Le petit bol emp\u00eache le d\u00e9bordement, id\u00e9al pour la restauration collective. Superbe transparence. Compatible lave-verre.  Design \u00e9pur\u00e9 et \u00e9l\u00e9gant.<\/p>\n<p>Caract\u00e9ristiques :<br \/>Lot : 24.<br \/> Capacit\u00e9 : 16 cl.<br \/> Dimensions : 198(H) x 65(\u00d8) mm.<br \/> Mati\u00e8re : Savon.<br \/> Couleur : Transparent.<\/p>\n","protected":false},"excerpt":{"rendered":"<p>Fl\u00fbtes Brio Arcoroc 160ml (lot de 24)<\/p>\n","protected":false},"featured_media":97161,"comment_status":"closed","ping_status":"closed","template":"","meta":[],"product_brand":[],"product_cat":[1023,1054,1297,1051],"product_tag":[],"class_list":{"0":"post-65889","1":"product","2":"type-product","3":"status-publish","4":"has-post-thumbnail","6":"product_cat-art-de-la-table","7":"product_cat-champagne","8":"product_cat-non-palettisable","9":"product_cat-verrerie","10":"product_shipping_class-free-shipping","12":"first","13":"instock","14":"featured","15":"taxable","16":"shipping-taxable","17":"purchasable","18":"product-type-simple"},"_links":{"self":[{"href":"https:\/\/abinox-chr-clim.com\/index.php\/wp-json\/wp\/v2\/product\/65889","targetHints":{"allow":["GET"]}}],"collection":[{"href":"https:\/\/abinox-chr-clim.com\/index.php\/wp-json\/wp\/v2\/product"}],"about":[{"href":"https:\/\/abinox-chr-clim.com\/index.php\/wp-json\/wp\/v2\/types\/product"}],"replies":[{"embeddable":true,"href":"https:\/\/abinox-chr-clim.com\/index.php\/wp-json\/wp\/v2\/comments?post=65889"}],"wp:featuredmedia":[{"embeddable":true,"href":"https:\/\/abinox-chr-clim.com\/index.php\/wp-json\/wp\/v2\/media\/97161"}],"wp:attachment":[{"href":"https:\/\/abinox-chr-clim.com\/index.php\/wp-json\/wp\/v2\/media?parent=65889"}],"wp:term":[{"taxonomy":"product_brand","embeddable":true,"href":"https:\/\/abinox-chr-clim.com\/index.php\/wp-json\/wp\/v2\/product_brand?post=65889"},{"taxonomy":"product_cat","embeddable":true,"href":"https:\/\/abinox-chr-clim.com\/index.php\/wp-json\/wp\/v2\/product_cat?post=65889"},{"taxonomy":"product_tag","embeddable":true,"href":"https:\/\/abinox-chr-clim.com\/index.php\/wp-json\/wp\/v2\/product_tag?post=65889"}],"curies":[{"name":"wp","href":"https:\/\/api.w.org\/{rel}","templated":true}]}}