{"id":65888,"date":"2024-03-22T15:02:26","date_gmt":"2024-03-22T14:02:26","guid":{"rendered":"https:\/\/abinox-chr-clim.com\/index.php\/product\/flutes-a-champagne-arcoroc-reims-145ml-lot-de-12\/"},"modified":"2026-04-20T10:02:34","modified_gmt":"2026-04-20T08:02:34","slug":"flutes-a-champagne-arcoroc-reims-145ml-lot-de-12","status":"publish","type":"product","link":"https:\/\/abinox-chr-clim.com\/index.php\/product\/flutes-a-champagne-arcoroc-reims-145ml-lot-de-12\/","title":{"rendered":"Fl\u00fbtes \u00e0 champagne Arcoroc Reims 145ml (Lot de 12)"},"content":{"rendered":"<p>Allie \u00e0 la fois style et durabilit\u00e9 et un design classique et moderne. La jambe courte apporte confort et stabilit\u00e9, et le bol allong\u00e9 permet de conserver l&rsquo;effervescence.<br \/>. Touche moderne sur un design classique. Jambe courte et \u00e9paisse. Sans jauge. .<\/p>\n<p>Caract\u00e9ristiques :<br \/>Lot : 12.<br \/> Capacit\u00e9 : 14,5 cl.<br \/> Dimensions : 156(H) x 60(\u00d8) mm.<br \/> Mati\u00e8re : Verre.<br \/> Couleur : Transparent.<\/p>\n","protected":false},"excerpt":{"rendered":"<p>Fl\u00fbtes \u00e0 champagne Arcoroc Reims 145ml (Lot de 12)<\/p>\n","protected":false},"featured_media":96887,"comment_status":"closed","ping_status":"closed","template":"","meta":[],"product_brand":[],"product_cat":[1023,1054,1297,1051],"product_tag":[],"class_list":{"0":"post-65888","1":"product","2":"type-product","3":"status-publish","4":"has-post-thumbnail","6":"product_cat-art-de-la-table","7":"product_cat-champagne","8":"product_cat-non-palettisable","9":"product_cat-verrerie","10":"product_shipping_class-free-shipping","12":"first","13":"instock","14":"featured","15":"taxable","16":"shipping-taxable","17":"purchasable","18":"product-type-simple"},"_links":{"self":[{"href":"https:\/\/abinox-chr-clim.com\/index.php\/wp-json\/wp\/v2\/product\/65888","targetHints":{"allow":["GET"]}}],"collection":[{"href":"https:\/\/abinox-chr-clim.com\/index.php\/wp-json\/wp\/v2\/product"}],"about":[{"href":"https:\/\/abinox-chr-clim.com\/index.php\/wp-json\/wp\/v2\/types\/product"}],"replies":[{"embeddable":true,"href":"https:\/\/abinox-chr-clim.com\/index.php\/wp-json\/wp\/v2\/comments?post=65888"}],"wp:featuredmedia":[{"embeddable":true,"href":"https:\/\/abinox-chr-clim.com\/index.php\/wp-json\/wp\/v2\/media\/96887"}],"wp:attachment":[{"href":"https:\/\/abinox-chr-clim.com\/index.php\/wp-json\/wp\/v2\/media?parent=65888"}],"wp:term":[{"taxonomy":"product_brand","embeddable":true,"href":"https:\/\/abinox-chr-clim.com\/index.php\/wp-json\/wp\/v2\/product_brand?post=65888"},{"taxonomy":"product_cat","embeddable":true,"href":"https:\/\/abinox-chr-clim.com\/index.php\/wp-json\/wp\/v2\/product_cat?post=65888"},{"taxonomy":"product_tag","embeddable":true,"href":"https:\/\/abinox-chr-clim.com\/index.php\/wp-json\/wp\/v2\/product_tag?post=65888"}],"curies":[{"name":"wp","href":"https:\/\/api.w.org\/{rel}","templated":true}]}}