{"id":65883,"date":"2024-03-22T15:02:24","date_gmt":"2024-03-22T14:02:24","guid":{"rendered":"https:\/\/abinox-chr-clim.com\/index.php\/product\/flutes-cordoba-olympia-lot-de-6\/"},"modified":"2026-04-02T09:51:16","modified_gmt":"2026-04-02T07:51:16","slug":"flutes-cordoba-olympia-lot-de-6","status":"publish","type":"product","link":"https:\/\/abinox-chr-clim.com\/index.php\/product\/flutes-cordoba-olympia-lot-de-6\/","title":{"rendered":"Fl\u00fbtes Cordoba Olympia (lot de 6)"},"content":{"rendered":"<p>Une conception robuste et des courbes nettes. Les pieds fins et la forme \u00e9l\u00e9gante des mod\u00e8les Cordoba s&rsquo;int\u00e8grent parfaitement dans les bars et restaurants.<br \/>Courbes angulaires pour un style moderne. Un bol mince emprisonne les bulles pour une effervescence plus durable. Buvant fin pour une sensation agr\u00e9able \u00e0 chaque gorg\u00e9e. Conception en verre robuste pour la durabilit\u00e9. Jambe longue. Pas de marquage CE. Compatible lave-verres.Courbes angulaires pour un style moderne.<\/p>\n<p>Caract\u00e9ristiques :<br \/>Lot : 6.<br \/> Capacit\u00e9 : 21 cl.<br \/> Dimensions : 229(H) x 60(\u00d8) mm.<br \/> Mati\u00e8re : Savon.<br \/> Couleur : Transparent.<\/p>\n","protected":false},"excerpt":{"rendered":"<p>Fl\u00fbtes Cordoba Olympia (lot de 6)<\/p>\n","protected":false},"featured_media":94131,"comment_status":"closed","ping_status":"closed","template":"","meta":[],"product_brand":[],"product_cat":[1023,1054,1297,1051],"product_tag":[],"class_list":{"0":"post-65883","1":"product","2":"type-product","3":"status-publish","4":"has-post-thumbnail","6":"product_cat-art-de-la-table","7":"product_cat-champagne","8":"product_cat-non-palettisable","9":"product_cat-verrerie","10":"product_shipping_class-free-shipping","12":"first","13":"instock","14":"featured","15":"taxable","16":"shipping-taxable","17":"purchasable","18":"product-type-simple"},"_links":{"self":[{"href":"https:\/\/abinox-chr-clim.com\/index.php\/wp-json\/wp\/v2\/product\/65883","targetHints":{"allow":["GET"]}}],"collection":[{"href":"https:\/\/abinox-chr-clim.com\/index.php\/wp-json\/wp\/v2\/product"}],"about":[{"href":"https:\/\/abinox-chr-clim.com\/index.php\/wp-json\/wp\/v2\/types\/product"}],"replies":[{"embeddable":true,"href":"https:\/\/abinox-chr-clim.com\/index.php\/wp-json\/wp\/v2\/comments?post=65883"}],"wp:featuredmedia":[{"embeddable":true,"href":"https:\/\/abinox-chr-clim.com\/index.php\/wp-json\/wp\/v2\/media\/94131"}],"wp:attachment":[{"href":"https:\/\/abinox-chr-clim.com\/index.php\/wp-json\/wp\/v2\/media?parent=65883"}],"wp:term":[{"taxonomy":"product_brand","embeddable":true,"href":"https:\/\/abinox-chr-clim.com\/index.php\/wp-json\/wp\/v2\/product_brand?post=65883"},{"taxonomy":"product_cat","embeddable":true,"href":"https:\/\/abinox-chr-clim.com\/index.php\/wp-json\/wp\/v2\/product_cat?post=65883"},{"taxonomy":"product_tag","embeddable":true,"href":"https:\/\/abinox-chr-clim.com\/index.php\/wp-json\/wp\/v2\/product_tag?post=65883"}],"curies":[{"name":"wp","href":"https:\/\/api.w.org\/{rel}","templated":true}]}}