{"id":65882,"date":"2024-03-22T15:02:24","date_gmt":"2024-03-22T14:02:24","guid":{"rendered":"https:\/\/abinox-chr-clim.com\/index.php\/product\/flutes-mendoza-olympia-185ml-lot-de-6\/"},"modified":"2025-11-11T10:07:24","modified_gmt":"2025-11-11T09:07:24","slug":"flutes-mendoza-olympia-185ml-lot-de-6","status":"publish","type":"product","link":"https:\/\/abinox-chr-clim.com\/index.php\/product\/flutes-mendoza-olympia-185ml-lot-de-6\/","title":{"rendered":"Fl\u00fbtes Mendoza Olympia 185ml (lot de 6)"},"content":{"rendered":"<p>Verres \u00e0 vin \u00e9l\u00e9gants et durables aux courbes classiques, avec des buvants fins pour un service haut de gamme \u00e0 prix raisonnable.<br \/>Un calice \u00e9troit emprisonne les bulles pour une efervescence plus longue. Tige longue pour une prise en main facile. Buvant fin pour un rendu \u00e9l\u00e9gant. Conception en verre robuste. Pas de marquage CE. Compatible lave-verres.  Un calice \u00e9troit emprisonne les bulles pour une efervescence plus longue.<\/p>\n<p>Caract\u00e9ristiques :<br \/>Lot : 6.<br \/> Capacit\u00e9 : 18,5 cl.<br \/> Dimensions : 210(H) x 57(\u00d8) mm.<br \/> Mati\u00e8re : Savon.<br \/> Couleur : Transparent.<\/p>\n","protected":false},"excerpt":{"rendered":"<p>Fl\u00fbtes Mendoza Olympia 185ml (lot de 6)<\/p>\n","protected":false},"featured_media":94214,"comment_status":"closed","ping_status":"closed","template":"","meta":[],"product_brand":[],"product_cat":[1023,1054,1297,1051],"product_tag":[],"class_list":{"0":"post-65882","1":"product","2":"type-product","3":"status-publish","4":"has-post-thumbnail","6":"product_cat-art-de-la-table","7":"product_cat-champagne","8":"product_cat-non-palettisable","9":"product_cat-verrerie","10":"product_shipping_class-free-shipping","12":"first","13":"outofstock","14":"featured","15":"taxable","16":"shipping-taxable","17":"purchasable","18":"product-type-simple"},"_links":{"self":[{"href":"https:\/\/abinox-chr-clim.com\/index.php\/wp-json\/wp\/v2\/product\/65882","targetHints":{"allow":["GET"]}}],"collection":[{"href":"https:\/\/abinox-chr-clim.com\/index.php\/wp-json\/wp\/v2\/product"}],"about":[{"href":"https:\/\/abinox-chr-clim.com\/index.php\/wp-json\/wp\/v2\/types\/product"}],"replies":[{"embeddable":true,"href":"https:\/\/abinox-chr-clim.com\/index.php\/wp-json\/wp\/v2\/comments?post=65882"}],"wp:featuredmedia":[{"embeddable":true,"href":"https:\/\/abinox-chr-clim.com\/index.php\/wp-json\/wp\/v2\/media\/94214"}],"wp:attachment":[{"href":"https:\/\/abinox-chr-clim.com\/index.php\/wp-json\/wp\/v2\/media?parent=65882"}],"wp:term":[{"taxonomy":"product_brand","embeddable":true,"href":"https:\/\/abinox-chr-clim.com\/index.php\/wp-json\/wp\/v2\/product_brand?post=65882"},{"taxonomy":"product_cat","embeddable":true,"href":"https:\/\/abinox-chr-clim.com\/index.php\/wp-json\/wp\/v2\/product_cat?post=65882"},{"taxonomy":"product_tag","embeddable":true,"href":"https:\/\/abinox-chr-clim.com\/index.php\/wp-json\/wp\/v2\/product_tag?post=65882"}],"curies":[{"name":"wp","href":"https:\/\/api.w.org\/{rel}","templated":true}]}}