{"id":65880,"date":"2024-03-22T15:02:23","date_gmt":"2024-03-22T14:02:23","guid":{"rendered":"https:\/\/abinox-chr-clim.com\/index.php\/product\/flutes-a-champagne-utopia-monte-carlo-230-ml-lot-de-24\/"},"modified":"2026-04-29T11:06:16","modified_gmt":"2026-04-29T09:06:16","slug":"flutes-a-champagne-utopia-monte-carlo-230-ml-lot-de-24","status":"publish","type":"product","link":"https:\/\/abinox-chr-clim.com\/index.php\/product\/flutes-a-champagne-utopia-monte-carlo-230-ml-lot-de-24\/","title":{"rendered":"Fl\u00fbtes \u00e0 champagne Utopia Monte Carlo 230 ml (lot de 24)"},"content":{"rendered":"<p>Style moderne et unique parfait pour tout point de vente contemporain. Fait partie de la gamme innovante Monte Carlo. Verres \u00e0 pied monobloc avec bol dessin\u00e9. Compatible lave-vaisselle. De la marque sp\u00e9cialis\u00e9e en arts de la table Utopia.  Style moderne et unique parfait pour tout point de vente contemporain.<\/p>\n<p>Caract\u00e9ristiques :<br \/>Lot : 24.<br \/> Capacit\u00e9 : 23 cl.<br \/> Dimensions : 250(H) x 75(\u00d8) mm.<br \/> Mati\u00e8re : Verre.<br \/> Couleur : Transparent.<\/p>\n","protected":false},"excerpt":{"rendered":"<p>Fl\u00fbtes \u00e0 champagne Utopia Monte Carlo 230 ml (lot de 24)<\/p>\n","protected":false},"featured_media":0,"comment_status":"closed","ping_status":"closed","template":"","meta":[],"product_brand":[],"product_cat":[1023,1054,1297,1051],"product_tag":[],"class_list":{"0":"post-65880","1":"product","2":"type-product","3":"status-publish","5":"product_cat-art-de-la-table","6":"product_cat-champagne","7":"product_cat-non-palettisable","8":"product_cat-verrerie","9":"product_shipping_class-free-shipping","11":"first","12":"outofstock","13":"featured","14":"taxable","15":"shipping-taxable","16":"purchasable","17":"product-type-simple"},"_links":{"self":[{"href":"https:\/\/abinox-chr-clim.com\/index.php\/wp-json\/wp\/v2\/product\/65880","targetHints":{"allow":["GET"]}}],"collection":[{"href":"https:\/\/abinox-chr-clim.com\/index.php\/wp-json\/wp\/v2\/product"}],"about":[{"href":"https:\/\/abinox-chr-clim.com\/index.php\/wp-json\/wp\/v2\/types\/product"}],"replies":[{"embeddable":true,"href":"https:\/\/abinox-chr-clim.com\/index.php\/wp-json\/wp\/v2\/comments?post=65880"}],"wp:attachment":[{"href":"https:\/\/abinox-chr-clim.com\/index.php\/wp-json\/wp\/v2\/media?parent=65880"}],"wp:term":[{"taxonomy":"product_brand","embeddable":true,"href":"https:\/\/abinox-chr-clim.com\/index.php\/wp-json\/wp\/v2\/product_brand?post=65880"},{"taxonomy":"product_cat","embeddable":true,"href":"https:\/\/abinox-chr-clim.com\/index.php\/wp-json\/wp\/v2\/product_cat?post=65880"},{"taxonomy":"product_tag","embeddable":true,"href":"https:\/\/abinox-chr-clim.com\/index.php\/wp-json\/wp\/v2\/product_tag?post=65880"}],"curies":[{"name":"wp","href":"https:\/\/api.w.org\/{rel}","templated":true}]}}