{"id":65873,"date":"2024-03-22T15:02:17","date_gmt":"2024-03-22T14:02:17","guid":{"rendered":"https:\/\/abinox-chr-clim.com\/index.php\/product\/coupes-champagne-cocktail-olympia-200ml-lot-de-6\/"},"modified":"2026-04-29T11:03:42","modified_gmt":"2026-04-29T09:03:42","slug":"coupes-champagne-cocktail-olympia-200ml-lot-de-6","status":"publish","type":"product","link":"https:\/\/abinox-chr-clim.com\/index.php\/product\/coupes-champagne-cocktail-olympia-200ml-lot-de-6\/","title":{"rendered":"Coupes Champagne Cocktail Olympia 200ml (lot de 6)"},"content":{"rendered":"<p>\u00c0 la recherche d&rsquo;une verrerie \u00e9l\u00e9gante pour servir les cocktails pr\u00e9f\u00e9r\u00e9s de vos clients &#63; Alors les verres Cocktail Olympia sont parfaits pour vous. Avec un choix de tailles, de styles et de formes diff\u00e9rents, ces verres \u00e0 cocktail r\u00e9pondront \u00e0 tous les besoins.<br \/>Capacit\u00e9 20ml.Dimensions 118(H) x 92(\u00d8)mm. Mat\u00e9riau : verre. Poids : 140g. Transparent. Bord roul\u00e9 pour la durabilit\u00e9 et la pr\u00e9vention des \u00e9clats. Conception lavable au lave-verre pour un nettoyage rapide. Produit sans marquage CE. Capacit\u00e9 20ml.<\/p>\n<p>Caract\u00e9ristiques :<br \/>Lot : 6.<br \/> Dimensions : 118,5(H) mm.<br \/> Mati\u00e8re : Verre.<br \/> Couleur : Transparent.<\/p>\n","protected":false},"excerpt":{"rendered":"<p>Coupes Champagne Cocktail Olympia 200ml (lot de 6)<\/p>\n","protected":false},"featured_media":88600,"comment_status":"closed","ping_status":"closed","template":"","meta":[],"product_brand":[],"product_cat":[1023,1054,1297,1051],"product_tag":[],"class_list":{"0":"post-65873","1":"product","2":"type-product","3":"status-publish","4":"has-post-thumbnail","6":"product_cat-art-de-la-table","7":"product_cat-champagne","8":"product_cat-non-palettisable","9":"product_cat-verrerie","10":"product_shipping_class-free-shipping","12":"first","13":"outofstock","14":"featured","15":"taxable","16":"shipping-taxable","17":"purchasable","18":"product-type-simple"},"_links":{"self":[{"href":"https:\/\/abinox-chr-clim.com\/index.php\/wp-json\/wp\/v2\/product\/65873","targetHints":{"allow":["GET"]}}],"collection":[{"href":"https:\/\/abinox-chr-clim.com\/index.php\/wp-json\/wp\/v2\/product"}],"about":[{"href":"https:\/\/abinox-chr-clim.com\/index.php\/wp-json\/wp\/v2\/types\/product"}],"replies":[{"embeddable":true,"href":"https:\/\/abinox-chr-clim.com\/index.php\/wp-json\/wp\/v2\/comments?post=65873"}],"wp:featuredmedia":[{"embeddable":true,"href":"https:\/\/abinox-chr-clim.com\/index.php\/wp-json\/wp\/v2\/media\/88600"}],"wp:attachment":[{"href":"https:\/\/abinox-chr-clim.com\/index.php\/wp-json\/wp\/v2\/media?parent=65873"}],"wp:term":[{"taxonomy":"product_brand","embeddable":true,"href":"https:\/\/abinox-chr-clim.com\/index.php\/wp-json\/wp\/v2\/product_brand?post=65873"},{"taxonomy":"product_cat","embeddable":true,"href":"https:\/\/abinox-chr-clim.com\/index.php\/wp-json\/wp\/v2\/product_cat?post=65873"},{"taxonomy":"product_tag","embeddable":true,"href":"https:\/\/abinox-chr-clim.com\/index.php\/wp-json\/wp\/v2\/product_tag?post=65873"}],"curies":[{"name":"wp","href":"https:\/\/api.w.org\/{rel}","templated":true}]}}