{"id":65870,"date":"2024-03-22T15:02:16","date_gmt":"2024-03-22T14:02:16","guid":{"rendered":"https:\/\/abinox-chr-clim.com\/index.php\/product\/flutes-a-champagne-solar-olympia-170ml-lot-de-24\/"},"modified":"2026-04-29T10:59:32","modified_gmt":"2026-04-29T08:59:32","slug":"flutes-a-champagne-solar-olympia-170ml-lot-de-24","status":"publish","type":"product","link":"https:\/\/abinox-chr-clim.com\/index.php\/product\/flutes-a-champagne-solar-olympia-170ml-lot-de-24\/","title":{"rendered":"Fl\u00fbtes \u00e0 champagne Solar Olympia 170ml (lot de 24)"},"content":{"rendered":"<p>Id\u00e9al pour le service du vin dans les bars, restaurants et r\u00e9ceptions. Ces verres sont \u00e9galement parfaits pour le service de l&rsquo;eau. Fabrication en une pi\u00e8ce pour plus de solidit\u00e9. Lavables au lave-verres.<br \/>Lavable au lave-verres, permet un nettoyage rapide et hygi\u00e9nique. La base large apporte plus de stabilit\u00e9 pour \u00e9viter les d\u00e9versements. Design \u00e9l\u00e9gant et simple pour une verrerie attrayante. La tige ergonomique permet une prise confortable et \u00e9vite de r\u00e9chauffer le vin. La conception facile \u00e0 nettoyer fait gagner du temps au personnel pendant et apr\u00e8s les services. Sans marquage CE.  Lavable au lave-verres, permet un nettoyage rapide et hygi\u00e9nique.<\/p>\n<p>Caract\u00e9ristiques :<br \/>Lot : 24.<br \/> Capacit\u00e9 : 170ml.<br \/> Dimensions : 195(H)x 67(\u00d8)mm.<br \/> Mati\u00e8re : Verre.<br \/> Couleur : Transparent.<\/p>\n","protected":false},"excerpt":{"rendered":"<p>Fl\u00fbtes \u00e0 champagne Solar Olympia 170ml (lot de 24)<\/p>\n","protected":false},"featured_media":89154,"comment_status":"closed","ping_status":"closed","template":"","meta":[],"product_brand":[],"product_cat":[1023,1054,1297,1051],"product_tag":[],"class_list":{"0":"post-65870","1":"product","2":"type-product","3":"status-publish","4":"has-post-thumbnail","6":"product_cat-art-de-la-table","7":"product_cat-champagne","8":"product_cat-non-palettisable","9":"product_cat-verrerie","10":"product_shipping_class-free-shipping","12":"first","13":"instock","14":"featured","15":"taxable","16":"shipping-taxable","17":"purchasable","18":"product-type-simple"},"_links":{"self":[{"href":"https:\/\/abinox-chr-clim.com\/index.php\/wp-json\/wp\/v2\/product\/65870","targetHints":{"allow":["GET"]}}],"collection":[{"href":"https:\/\/abinox-chr-clim.com\/index.php\/wp-json\/wp\/v2\/product"}],"about":[{"href":"https:\/\/abinox-chr-clim.com\/index.php\/wp-json\/wp\/v2\/types\/product"}],"replies":[{"embeddable":true,"href":"https:\/\/abinox-chr-clim.com\/index.php\/wp-json\/wp\/v2\/comments?post=65870"}],"wp:featuredmedia":[{"embeddable":true,"href":"https:\/\/abinox-chr-clim.com\/index.php\/wp-json\/wp\/v2\/media\/89154"}],"wp:attachment":[{"href":"https:\/\/abinox-chr-clim.com\/index.php\/wp-json\/wp\/v2\/media?parent=65870"}],"wp:term":[{"taxonomy":"product_brand","embeddable":true,"href":"https:\/\/abinox-chr-clim.com\/index.php\/wp-json\/wp\/v2\/product_brand?post=65870"},{"taxonomy":"product_cat","embeddable":true,"href":"https:\/\/abinox-chr-clim.com\/index.php\/wp-json\/wp\/v2\/product_cat?post=65870"},{"taxonomy":"product_tag","embeddable":true,"href":"https:\/\/abinox-chr-clim.com\/index.php\/wp-json\/wp\/v2\/product_tag?post=65870"}],"curies":[{"name":"wp","href":"https:\/\/api.w.org\/{rel}","templated":true}]}}