{"id":65869,"date":"2024-03-22T15:02:16","date_gmt":"2024-03-22T14:02:16","guid":{"rendered":"https:\/\/abinox-chr-clim.com\/index.php\/product\/flutes-a-champagne-arcoroc-juliette-230ml-lot-de-24\/"},"modified":"2026-04-23T09:44:03","modified_gmt":"2026-04-23T07:44:03","slug":"flutes-a-champagne-arcoroc-juliette-230ml-lot-de-24","status":"publish","type":"product","link":"https:\/\/abinox-chr-clim.com\/index.php\/product\/flutes-a-champagne-arcoroc-juliette-230ml-lot-de-24\/","title":{"rendered":"Fl\u00fbtes \u00e0 champagne Arcoroc Juliette 230ml (lot de 24)"},"content":{"rendered":"<p>Le bol angulaire \u00e9l\u00e9gant apporte \u00e0 chaque verre un style contemporain; pr\u00e9sentation parfaite pour vos vins les plus appr\u00e9ci\u00e9s.<br \/>Fl\u00fbte \u00e0 champagne \/ Prosecco. Bol angulaire de style contemporain. Fl\u00fbte plus grande pour savourer les vins p\u00e9tillants. Pas de marquage CE. En verre tremp\u00e9 Arcoroc.  Fl\u00fbte \u00e0 champagne \/ Prosecco.<\/p>\n<p>Caract\u00e9ristiques :<br \/>Lot : 24.<br \/> Capacit\u00e9 : 23 cl.<br \/> Dimensions : 217(H) x 65(\u00d8) mm.<br \/> Mati\u00e8re : Verre.<br \/> Couleur : Transparent.<\/p>\n","protected":false},"excerpt":{"rendered":"<p>Fl\u00fbtes \u00e0 champagne Arcoroc Juliette 230ml (lot de 24)<\/p>\n","protected":false},"featured_media":86331,"comment_status":"closed","ping_status":"closed","template":"","meta":[],"product_brand":[],"product_cat":[1023,1054,1297,1051],"product_tag":[],"class_list":{"0":"post-65869","1":"product","2":"type-product","3":"status-publish","4":"has-post-thumbnail","6":"product_cat-art-de-la-table","7":"product_cat-champagne","8":"product_cat-non-palettisable","9":"product_cat-verrerie","10":"product_shipping_class-free-shipping","12":"first","13":"instock","14":"featured","15":"taxable","16":"shipping-taxable","17":"purchasable","18":"product-type-simple"},"_links":{"self":[{"href":"https:\/\/abinox-chr-clim.com\/index.php\/wp-json\/wp\/v2\/product\/65869","targetHints":{"allow":["GET"]}}],"collection":[{"href":"https:\/\/abinox-chr-clim.com\/index.php\/wp-json\/wp\/v2\/product"}],"about":[{"href":"https:\/\/abinox-chr-clim.com\/index.php\/wp-json\/wp\/v2\/types\/product"}],"replies":[{"embeddable":true,"href":"https:\/\/abinox-chr-clim.com\/index.php\/wp-json\/wp\/v2\/comments?post=65869"}],"wp:featuredmedia":[{"embeddable":true,"href":"https:\/\/abinox-chr-clim.com\/index.php\/wp-json\/wp\/v2\/media\/86331"}],"wp:attachment":[{"href":"https:\/\/abinox-chr-clim.com\/index.php\/wp-json\/wp\/v2\/media?parent=65869"}],"wp:term":[{"taxonomy":"product_brand","embeddable":true,"href":"https:\/\/abinox-chr-clim.com\/index.php\/wp-json\/wp\/v2\/product_brand?post=65869"},{"taxonomy":"product_cat","embeddable":true,"href":"https:\/\/abinox-chr-clim.com\/index.php\/wp-json\/wp\/v2\/product_cat?post=65869"},{"taxonomy":"product_tag","embeddable":true,"href":"https:\/\/abinox-chr-clim.com\/index.php\/wp-json\/wp\/v2\/product_tag?post=65869"}],"curies":[{"name":"wp","href":"https:\/\/api.w.org\/{rel}","templated":true}]}}