{"id":65860,"date":"2024-03-22T15:02:13","date_gmt":"2024-03-22T14:02:13","guid":{"rendered":"https:\/\/abinox-chr-clim.com\/index.php\/product\/verres-boissons-chaudes-en-verre-trempe-olympia-lot-de-12\/"},"modified":"2026-04-15T09:00:32","modified_gmt":"2026-04-15T07:00:32","slug":"verres-boissons-chaudes-en-verre-trempe-olympia-lot-de-12","status":"publish","type":"product","link":"https:\/\/abinox-chr-clim.com\/index.php\/product\/verres-boissons-chaudes-en-verre-trempe-olympia-lot-de-12\/","title":{"rendered":"Verres boissons chaudes en verre tremp\u00e9 Olympia (Lot de 12)"},"content":{"rendered":"<p>Verre boissons chaudes en verre tremp\u00e9. Lavable au lave-vaisselle.<br \/>Le verre tremp\u00e9 est durable. La base large permet d&rsquo;\u00e9viter les chocs et les d\u00e9versements. La forme classique est traditionnelle. La finition en verre transparent vous permet d&rsquo;\u00eatre cr\u00e9atif dans votre pr\u00e9sentation. Lavable au lave-vaisselle pour un nettoyage facile.  Le verre tremp\u00e9 est durable.<\/p>\n<p>Caract\u00e9ristiques :<br \/>Lot : 12.<br \/> Capacit\u00e9 : 28,5 cl.<br \/> Dimensions : 150(H) x 80(\u00d8) mm.<br \/> Mati\u00e8re : Verre tremp\u00e9.<br \/> Couleur : Transparent.<\/p>\n","protected":false},"excerpt":{"rendered":"<p>Verres boissons chaudes en verre tremp\u00e9 Olympia (Lot de 12)<\/p>\n","protected":false},"featured_media":101508,"comment_status":"closed","ping_status":"closed","template":"","meta":[],"product_brand":[],"product_cat":[1023,1053,1297,1051],"product_tag":[],"class_list":{"0":"post-65860","1":"product","2":"type-product","3":"status-publish","4":"has-post-thumbnail","6":"product_cat-art-de-la-table","7":"product_cat-cafe-verrerie","8":"product_cat-non-palettisable","9":"product_cat-verrerie","10":"product_shipping_class-free-shipping","12":"first","13":"outofstock","14":"featured","15":"taxable","16":"shipping-taxable","17":"purchasable","18":"product-type-simple"},"_links":{"self":[{"href":"https:\/\/abinox-chr-clim.com\/index.php\/wp-json\/wp\/v2\/product\/65860","targetHints":{"allow":["GET"]}}],"collection":[{"href":"https:\/\/abinox-chr-clim.com\/index.php\/wp-json\/wp\/v2\/product"}],"about":[{"href":"https:\/\/abinox-chr-clim.com\/index.php\/wp-json\/wp\/v2\/types\/product"}],"replies":[{"embeddable":true,"href":"https:\/\/abinox-chr-clim.com\/index.php\/wp-json\/wp\/v2\/comments?post=65860"}],"wp:featuredmedia":[{"embeddable":true,"href":"https:\/\/abinox-chr-clim.com\/index.php\/wp-json\/wp\/v2\/media\/101508"}],"wp:attachment":[{"href":"https:\/\/abinox-chr-clim.com\/index.php\/wp-json\/wp\/v2\/media?parent=65860"}],"wp:term":[{"taxonomy":"product_brand","embeddable":true,"href":"https:\/\/abinox-chr-clim.com\/index.php\/wp-json\/wp\/v2\/product_brand?post=65860"},{"taxonomy":"product_cat","embeddable":true,"href":"https:\/\/abinox-chr-clim.com\/index.php\/wp-json\/wp\/v2\/product_cat?post=65860"},{"taxonomy":"product_tag","embeddable":true,"href":"https:\/\/abinox-chr-clim.com\/index.php\/wp-json\/wp\/v2\/product_tag?post=65860"}],"curies":[{"name":"wp","href":"https:\/\/api.w.org\/{rel}","templated":true}]}}