{"id":65859,"date":"2024-03-22T15:02:13","date_gmt":"2024-03-22T14:02:13","guid":{"rendered":"https:\/\/abinox-chr-clim.com\/index.php\/product\/verres-a-latte-utopia-columbia-370-ml-lot-de-6\/"},"modified":"2026-04-14T08:58:57","modified_gmt":"2026-04-14T06:58:57","slug":"verres-a-latte-utopia-columbia-370-ml-lot-de-6","status":"publish","type":"product","link":"https:\/\/abinox-chr-clim.com\/index.php\/product\/verres-a-latte-utopia-columbia-370-ml-lot-de-6\/","title":{"rendered":"Verres \u00e0 Latte Utopia Columbia 370 ml (lot de 6)"},"content":{"rendered":"<p>Grand verre \u00e0 latte classique. En verre tremp\u00e9 pour une plus grande r\u00e9sistance aux chocs thermiques lors du service des boissons chaudes. Lavable au lave-verres.<br \/>La forme haute et conique offre un style contemporain. Verre tremp\u00e9 pour une excellente r\u00e9sistance aux chocs thermiques. La conception renforc\u00e9e am\u00e9liore \u00e9galement la durabilit\u00e9 globale. Poign\u00e9e ergonomique pour un transport facile et confortable. La base large aide \u00e0 pr\u00e9venir les d\u00e9versements. La conception lavable au lave-verres permet une rotation rapide de la verrerie. Ce produit n&rsquo;est pas marqu\u00e9 CE. Poids par pi\u00e8ce : 35g. La forme haute et conique offre un style contemporain.<\/p>\n<p>Caract\u00e9ristiques :<br \/>Lot : 6.<br \/> Capacit\u00e9 : 37 cl.<br \/> Dimensions : 162(H) x 82(\u00d8) mm.<br \/> Mati\u00e8re : Verre tremp\u00e9.<br \/> Couleur : Transparent.<\/p>\n","protected":false},"excerpt":{"rendered":"<p>Verres \u00e0 Latte Utopia Columbia 370 ml (lot de 6)<\/p>\n","protected":false},"featured_media":101474,"comment_status":"closed","ping_status":"closed","template":"","meta":[],"product_brand":[],"product_cat":[1023,1053,1297,1051],"product_tag":[],"class_list":{"0":"post-65859","1":"product","2":"type-product","3":"status-publish","4":"has-post-thumbnail","6":"product_cat-art-de-la-table","7":"product_cat-cafe-verrerie","8":"product_cat-non-palettisable","9":"product_cat-verrerie","10":"product_shipping_class-free-shipping","12":"first","13":"outofstock","14":"featured","15":"taxable","16":"shipping-taxable","17":"purchasable","18":"product-type-simple"},"_links":{"self":[{"href":"https:\/\/abinox-chr-clim.com\/index.php\/wp-json\/wp\/v2\/product\/65859","targetHints":{"allow":["GET"]}}],"collection":[{"href":"https:\/\/abinox-chr-clim.com\/index.php\/wp-json\/wp\/v2\/product"}],"about":[{"href":"https:\/\/abinox-chr-clim.com\/index.php\/wp-json\/wp\/v2\/types\/product"}],"replies":[{"embeddable":true,"href":"https:\/\/abinox-chr-clim.com\/index.php\/wp-json\/wp\/v2\/comments?post=65859"}],"wp:featuredmedia":[{"embeddable":true,"href":"https:\/\/abinox-chr-clim.com\/index.php\/wp-json\/wp\/v2\/media\/101474"}],"wp:attachment":[{"href":"https:\/\/abinox-chr-clim.com\/index.php\/wp-json\/wp\/v2\/media?parent=65859"}],"wp:term":[{"taxonomy":"product_brand","embeddable":true,"href":"https:\/\/abinox-chr-clim.com\/index.php\/wp-json\/wp\/v2\/product_brand?post=65859"},{"taxonomy":"product_cat","embeddable":true,"href":"https:\/\/abinox-chr-clim.com\/index.php\/wp-json\/wp\/v2\/product_cat?post=65859"},{"taxonomy":"product_tag","embeddable":true,"href":"https:\/\/abinox-chr-clim.com\/index.php\/wp-json\/wp\/v2\/product_tag?post=65859"}],"curies":[{"name":"wp","href":"https:\/\/api.w.org\/{rel}","templated":true}]}}