{"id":65856,"date":"2024-03-22T15:02:12","date_gmt":"2024-03-22T14:02:12","guid":{"rendered":"https:\/\/abinox-chr-clim.com\/index.php\/product\/verres-a-latte-double-paroi-utopia-270-ml-lot-de-12\/"},"modified":"2026-04-13T07:48:25","modified_gmt":"2026-04-13T05:48:25","slug":"verres-a-latte-double-paroi-utopia-270-ml-lot-de-12","status":"publish","type":"product","link":"https:\/\/abinox-chr-clim.com\/index.php\/product\/verres-a-latte-double-paroi-utopia-270-ml-lot-de-12\/","title":{"rendered":"Verres \u00e0 Latte double paroi Utopia 270 ml (lot de 12)"},"content":{"rendered":"<p>Les diff\u00e9rentes couches de verre offrent une excellente isolation thermique pour les boissons chaudes et froides.<br \/>Double paroi \u00e0 la fois \u00e9l\u00e9gante et isolante. Garde les boissons chaudes plus longtemps. Passe au lave-verres.  Poids par pi\u00e8ce : 12,5 g. Double paroi \u00e0 la fois \u00e9l\u00e9gante et isolante.<\/p>\n<p>Caract\u00e9ristiques :<br \/>Lot : 12.<br \/> Capacit\u00e9 : 27 cl.<br \/> Dimensions : 115(H) x 115(\u00d8) mm.<br \/> Mati\u00e8re : Verre.<br \/> Couleur : Transparent.<\/p>\n","protected":false},"excerpt":{"rendered":"<p>Verres \u00e0 Latte double paroi Utopia 270 ml (lot de 12)<\/p>\n","protected":false},"featured_media":85541,"comment_status":"closed","ping_status":"closed","template":"","meta":[],"product_brand":[],"product_cat":[1023,1053,1297,1051],"product_tag":[],"class_list":{"0":"post-65856","1":"product","2":"type-product","3":"status-publish","4":"has-post-thumbnail","6":"product_cat-art-de-la-table","7":"product_cat-cafe-verrerie","8":"product_cat-non-palettisable","9":"product_cat-verrerie","10":"product_shipping_class-free-shipping","12":"first","13":"outofstock","14":"featured","15":"taxable","16":"shipping-taxable","17":"purchasable","18":"product-type-simple"},"_links":{"self":[{"href":"https:\/\/abinox-chr-clim.com\/index.php\/wp-json\/wp\/v2\/product\/65856","targetHints":{"allow":["GET"]}}],"collection":[{"href":"https:\/\/abinox-chr-clim.com\/index.php\/wp-json\/wp\/v2\/product"}],"about":[{"href":"https:\/\/abinox-chr-clim.com\/index.php\/wp-json\/wp\/v2\/types\/product"}],"replies":[{"embeddable":true,"href":"https:\/\/abinox-chr-clim.com\/index.php\/wp-json\/wp\/v2\/comments?post=65856"}],"wp:featuredmedia":[{"embeddable":true,"href":"https:\/\/abinox-chr-clim.com\/index.php\/wp-json\/wp\/v2\/media\/85541"}],"wp:attachment":[{"href":"https:\/\/abinox-chr-clim.com\/index.php\/wp-json\/wp\/v2\/media?parent=65856"}],"wp:term":[{"taxonomy":"product_brand","embeddable":true,"href":"https:\/\/abinox-chr-clim.com\/index.php\/wp-json\/wp\/v2\/product_brand?post=65856"},{"taxonomy":"product_cat","embeddable":true,"href":"https:\/\/abinox-chr-clim.com\/index.php\/wp-json\/wp\/v2\/product_cat?post=65856"},{"taxonomy":"product_tag","embeddable":true,"href":"https:\/\/abinox-chr-clim.com\/index.php\/wp-json\/wp\/v2\/product_tag?post=65856"}],"curies":[{"name":"wp","href":"https:\/\/api.w.org\/{rel}","templated":true}]}}