{"id":65833,"date":"2024-03-22T14:53:09","date_gmt":"2024-03-22T13:53:09","guid":{"rendered":"https:\/\/abinox-chr-clim.com\/index.php\/product\/soucoupe-olympia-kiln-grise-160mm\/"},"modified":"2026-04-15T09:49:00","modified_gmt":"2026-04-15T07:49:00","slug":"soucoupe-olympia-kiln-grise-160mm","status":"publish","type":"product","link":"https:\/\/abinox-chr-clim.com\/index.php\/product\/soucoupe-olympia-kiln-grise-160mm\/","title":{"rendered":"Soucoupe Olympia Kiln grise 160mm"},"content":{"rendered":"<p>La gamme Kiln se caract\u00e9rise par ses couleurs ocres et ses formes naturelles inspir\u00e9es de la vaisselle artisanale. Le charme artisanal de cette collection provient de son vernis brillant qui apporte \u00e0 chaque pi\u00e8ce une finition unique identique \u00e0 du fait main. M\u00e9langez les couleurs naturelles pour une pr\u00e9sentation de vos aliments vraiment unique qui invite la nature \u00e0 votre table.<br \/>Recouvert d&rsquo;un vernis brillant. Bords peints \u00e0 la main. Finition unique mouchet\u00e9e. Th\u00e9i\u00e8re coordonn\u00e9e HC396. Compatible micro-ondes et lave-vaisselle. Coordonn\u00e9e \u00e0 la tasse 340ml HC392. B\u00e9n\u00e9ficie de la garantie \u00e0 vie anti-\u00e9br\u00e9chures Olympia. Adapt\u00e9e aux tasses Olympia Kiln 340ml (GP332, GP348, GP364, GP480, HC392). Talon non \u00e9maill\u00e9.Recouvert d&rsquo;un vernis brillant.<\/p>\n<p>Caract\u00e9ristiques :<br \/>Lot : 6.<br \/> Dimensions : 25(H) x 57(\u00d8) mm.<br \/> Mati\u00e8re : Porcelaine.<br \/> Couleur : Gris.<\/p>\n","protected":false},"excerpt":{"rendered":"<p>Soucoupe Olympia Kiln grise 160mm<\/p>\n","protected":false},"featured_media":104049,"comment_status":"closed","ping_status":"closed","template":"","meta":[],"product_brand":[],"product_cat":[1023,1297,1049,1043],"product_tag":[],"class_list":{"0":"post-65833","1":"product","2":"type-product","3":"status-publish","4":"has-post-thumbnail","6":"product_cat-art-de-la-table","7":"product_cat-non-palettisable","8":"product_cat-olympia-kiln","9":"product_cat-vaisselle","10":"product_shipping_class-free-shipping","12":"first","13":"instock","14":"featured","15":"taxable","16":"shipping-taxable","17":"purchasable","18":"product-type-simple"},"_links":{"self":[{"href":"https:\/\/abinox-chr-clim.com\/index.php\/wp-json\/wp\/v2\/product\/65833","targetHints":{"allow":["GET"]}}],"collection":[{"href":"https:\/\/abinox-chr-clim.com\/index.php\/wp-json\/wp\/v2\/product"}],"about":[{"href":"https:\/\/abinox-chr-clim.com\/index.php\/wp-json\/wp\/v2\/types\/product"}],"replies":[{"embeddable":true,"href":"https:\/\/abinox-chr-clim.com\/index.php\/wp-json\/wp\/v2\/comments?post=65833"}],"wp:featuredmedia":[{"embeddable":true,"href":"https:\/\/abinox-chr-clim.com\/index.php\/wp-json\/wp\/v2\/media\/104049"}],"wp:attachment":[{"href":"https:\/\/abinox-chr-clim.com\/index.php\/wp-json\/wp\/v2\/media?parent=65833"}],"wp:term":[{"taxonomy":"product_brand","embeddable":true,"href":"https:\/\/abinox-chr-clim.com\/index.php\/wp-json\/wp\/v2\/product_brand?post=65833"},{"taxonomy":"product_cat","embeddable":true,"href":"https:\/\/abinox-chr-clim.com\/index.php\/wp-json\/wp\/v2\/product_cat?post=65833"},{"taxonomy":"product_tag","embeddable":true,"href":"https:\/\/abinox-chr-clim.com\/index.php\/wp-json\/wp\/v2\/product_tag?post=65833"}],"curies":[{"name":"wp","href":"https:\/\/api.w.org\/{rel}","templated":true}]}}