{"id":65812,"date":"2024-03-22T14:53:01","date_gmt":"2024-03-22T13:53:01","guid":{"rendered":"https:\/\/abinox-chr-clim.com\/index.php\/product\/tasse-couleur-mousse-olympia-kiln-340ml-lot-de-6\/"},"modified":"2026-04-02T09:26:08","modified_gmt":"2026-04-02T07:26:08","slug":"tasse-couleur-mousse-olympia-kiln-340ml-lot-de-6","status":"publish","type":"product","link":"https:\/\/abinox-chr-clim.com\/index.php\/product\/tasse-couleur-mousse-olympia-kiln-340ml-lot-de-6\/","title":{"rendered":"Tasse couleur mousse Olympia Kiln 340ml (Lot de 6)"},"content":{"rendered":"<p>La gamme Kiln se caract\u00e9rise par ses couleurs ocres et ses formes naturelles inspir\u00e9es de la vaisselle artisanale. Le charme artisanal de cette collection provient de son vernis brillant qui apporte \u00e0 chaque pi\u00e8ce une finition unique identique \u00e0 du fait main. M\u00e9langez les couleurs naturelles pour une pr\u00e9sentation de vos aliments vraiment unique qui invite la nature \u00e0 votre table.<br \/>Recouvert d&rsquo;un vernis brillant. Bords peints \u00e0 la main. Finition unique de chaque pi\u00e8ce. Compatible lave-vaisselle. S&rsquo;adapte \u00e0 la soucoupe Kiln 160mm : GP481.  Recouvert d&rsquo;un vernis brillant.<\/p>\n<p>Caract\u00e9ristiques :<br \/>Lot : 6.<br \/> Capacit\u00e9 : 340 ml.<br \/> Mati\u00e8re : Porcelaine.<br \/> Couleur : Mousse.<\/p>\n","protected":false},"excerpt":{"rendered":"<p>Tasse couleur mousse Olympia Kiln 340ml (Lot de 6)<\/p>\n","protected":false},"featured_media":0,"comment_status":"closed","ping_status":"closed","template":"","meta":[],"product_brand":[],"product_cat":[1023,1297,1049,1043],"product_tag":[],"class_list":{"0":"post-65812","1":"product","2":"type-product","3":"status-publish","5":"product_cat-art-de-la-table","6":"product_cat-non-palettisable","7":"product_cat-olympia-kiln","8":"product_cat-vaisselle","9":"product_shipping_class-free-shipping","11":"first","12":"instock","13":"featured","14":"taxable","15":"shipping-taxable","16":"purchasable","17":"product-type-simple"},"_links":{"self":[{"href":"https:\/\/abinox-chr-clim.com\/index.php\/wp-json\/wp\/v2\/product\/65812","targetHints":{"allow":["GET"]}}],"collection":[{"href":"https:\/\/abinox-chr-clim.com\/index.php\/wp-json\/wp\/v2\/product"}],"about":[{"href":"https:\/\/abinox-chr-clim.com\/index.php\/wp-json\/wp\/v2\/types\/product"}],"replies":[{"embeddable":true,"href":"https:\/\/abinox-chr-clim.com\/index.php\/wp-json\/wp\/v2\/comments?post=65812"}],"wp:attachment":[{"href":"https:\/\/abinox-chr-clim.com\/index.php\/wp-json\/wp\/v2\/media?parent=65812"}],"wp:term":[{"taxonomy":"product_brand","embeddable":true,"href":"https:\/\/abinox-chr-clim.com\/index.php\/wp-json\/wp\/v2\/product_brand?post=65812"},{"taxonomy":"product_cat","embeddable":true,"href":"https:\/\/abinox-chr-clim.com\/index.php\/wp-json\/wp\/v2\/product_cat?post=65812"},{"taxonomy":"product_tag","embeddable":true,"href":"https:\/\/abinox-chr-clim.com\/index.php\/wp-json\/wp\/v2\/product_tag?post=65812"}],"curies":[{"name":"wp","href":"https:\/\/api.w.org\/{rel}","templated":true}]}}