{"id":65764,"date":"2024-03-22T14:52:47","date_gmt":"2024-03-22T13:52:47","guid":{"rendered":"https:\/\/abinox-chr-clim.com\/index.php\/product\/tasses-couleur-craie-olympia-kiln-340ml-lot-de-6\/"},"modified":"2026-04-02T09:51:49","modified_gmt":"2026-04-02T07:51:49","slug":"tasses-couleur-craie-olympia-kiln-340ml-lot-de-6","status":"publish","type":"product","link":"https:\/\/abinox-chr-clim.com\/index.php\/product\/tasses-couleur-craie-olympia-kiln-340ml-lot-de-6\/","title":{"rendered":"Tasses couleur craie Olympia Kiln 340ml (lot de 6)"},"content":{"rendered":"<p>Le bord trac\u00e9 \u00e0 la main diff\u00e8re d&rsquo;une pi\u00e8ce \u00e0 l&rsquo;autre, pour un rendu artisanal. La vitrification apporte de la texture \u00e0 la finition. Style \u00e0 la fois vintage et tendance. Compatible lave-vaisselle. Garantie \u00e0 vie contre les \u00e9br\u00e9chures.  Le bord trac\u00e9 \u00e0 la main diff\u00e8re d&rsquo;une pi\u00e8ce \u00e0 l&rsquo;autre, pour un rendu artisanal.<\/p>\n<p>Caract\u00e9ristiques :<br \/>Lot : 6.<br \/> Capacit\u00e9 : 340 ml.<br \/> Dimensions : 109(\u00d8) mm.<br \/> Mati\u00e8re : Porcelaine.<br \/> Couleur : Blanc.<\/p>\n","protected":false},"excerpt":{"rendered":"<p>Tasses couleur craie Olympia Kiln 340ml (lot de 6)<\/p>\n","protected":false},"featured_media":97040,"comment_status":"closed","ping_status":"closed","template":"","meta":[],"product_brand":[],"product_cat":[1023,1297,1049,1043],"product_tag":[],"class_list":{"0":"post-65764","1":"product","2":"type-product","3":"status-publish","4":"has-post-thumbnail","6":"product_cat-art-de-la-table","7":"product_cat-non-palettisable","8":"product_cat-olympia-kiln","9":"product_cat-vaisselle","10":"product_shipping_class-free-shipping","12":"first","13":"instock","14":"featured","15":"taxable","16":"shipping-taxable","17":"purchasable","18":"product-type-simple"},"_links":{"self":[{"href":"https:\/\/abinox-chr-clim.com\/index.php\/wp-json\/wp\/v2\/product\/65764","targetHints":{"allow":["GET"]}}],"collection":[{"href":"https:\/\/abinox-chr-clim.com\/index.php\/wp-json\/wp\/v2\/product"}],"about":[{"href":"https:\/\/abinox-chr-clim.com\/index.php\/wp-json\/wp\/v2\/types\/product"}],"replies":[{"embeddable":true,"href":"https:\/\/abinox-chr-clim.com\/index.php\/wp-json\/wp\/v2\/comments?post=65764"}],"wp:featuredmedia":[{"embeddable":true,"href":"https:\/\/abinox-chr-clim.com\/index.php\/wp-json\/wp\/v2\/media\/97040"}],"wp:attachment":[{"href":"https:\/\/abinox-chr-clim.com\/index.php\/wp-json\/wp\/v2\/media?parent=65764"}],"wp:term":[{"taxonomy":"product_brand","embeddable":true,"href":"https:\/\/abinox-chr-clim.com\/index.php\/wp-json\/wp\/v2\/product_brand?post=65764"},{"taxonomy":"product_cat","embeddable":true,"href":"https:\/\/abinox-chr-clim.com\/index.php\/wp-json\/wp\/v2\/product_cat?post=65764"},{"taxonomy":"product_tag","embeddable":true,"href":"https:\/\/abinox-chr-clim.com\/index.php\/wp-json\/wp\/v2\/product_tag?post=65764"}],"curies":[{"name":"wp","href":"https:\/\/api.w.org\/{rel}","templated":true}]}}