{"id":65745,"date":"2024-03-22T14:52:40","date_gmt":"2024-03-22T13:52:40","guid":{"rendered":"https:\/\/abinox-chr-clim.com\/index.php\/product\/assiettes-a-pates-olympia-kiln-couleur-mousse-250mm-lot-de-4\/"},"modified":"2026-04-21T10:02:31","modified_gmt":"2026-04-21T08:02:31","slug":"assiettes-a-pates-olympia-kiln-couleur-mousse-250mm-lot-de-4","status":"publish","type":"product","link":"https:\/\/abinox-chr-clim.com\/index.php\/product\/assiettes-a-pates-olympia-kiln-couleur-mousse-250mm-lot-de-4\/","title":{"rendered":"Assiettes \u00e0 p\u00e2tes Olympia Kiln couleur mousse 250mm (lot de 4)"},"content":{"rendered":"<p>250mm.<br \/>Recouvert d&rsquo;un vernis brillant. Bords peints \u00e0 la main. Cet article b\u00e9n\u00e9ficie de notre garantie \u00e0 vie contre les \u00e9br\u00e9chures. A associer avec d&rsquo;autres produits de la gamme Kiln. Compatible lave-vaisselle, micro-ondes et four. Olympia, marque experte en \u00e9quipements de restauration.Recouvert d&rsquo;un vernis brillant.<\/p>\n<p>Caract\u00e9ristiques :<br \/>Lot : 4.<br \/> Capacit\u00e9 : 340 ml.<br \/> Dimensions : 250(\u00d8) mm.<br \/> Mati\u00e8re : Porcelaine<\/p>\n","protected":false},"excerpt":{"rendered":"<p>Assiettes \u00e0 p\u00e2tes Olympia Kiln couleur mousse 250mm (lot de 4)<\/p>\n","protected":false},"featured_media":90723,"comment_status":"closed","ping_status":"closed","template":"","meta":[],"product_brand":[],"product_cat":[1023,1297,1049,1043],"product_tag":[],"class_list":{"0":"post-65745","1":"product","2":"type-product","3":"status-publish","4":"has-post-thumbnail","6":"product_cat-art-de-la-table","7":"product_cat-non-palettisable","8":"product_cat-olympia-kiln","9":"product_cat-vaisselle","10":"product_shipping_class-free-shipping","12":"first","13":"instock","14":"featured","15":"taxable","16":"shipping-taxable","17":"purchasable","18":"product-type-simple"},"_links":{"self":[{"href":"https:\/\/abinox-chr-clim.com\/index.php\/wp-json\/wp\/v2\/product\/65745","targetHints":{"allow":["GET"]}}],"collection":[{"href":"https:\/\/abinox-chr-clim.com\/index.php\/wp-json\/wp\/v2\/product"}],"about":[{"href":"https:\/\/abinox-chr-clim.com\/index.php\/wp-json\/wp\/v2\/types\/product"}],"replies":[{"embeddable":true,"href":"https:\/\/abinox-chr-clim.com\/index.php\/wp-json\/wp\/v2\/comments?post=65745"}],"wp:featuredmedia":[{"embeddable":true,"href":"https:\/\/abinox-chr-clim.com\/index.php\/wp-json\/wp\/v2\/media\/90723"}],"wp:attachment":[{"href":"https:\/\/abinox-chr-clim.com\/index.php\/wp-json\/wp\/v2\/media?parent=65745"}],"wp:term":[{"taxonomy":"product_brand","embeddable":true,"href":"https:\/\/abinox-chr-clim.com\/index.php\/wp-json\/wp\/v2\/product_brand?post=65745"},{"taxonomy":"product_cat","embeddable":true,"href":"https:\/\/abinox-chr-clim.com\/index.php\/wp-json\/wp\/v2\/product_cat?post=65745"},{"taxonomy":"product_tag","embeddable":true,"href":"https:\/\/abinox-chr-clim.com\/index.php\/wp-json\/wp\/v2\/product_tag?post=65745"}],"curies":[{"name":"wp","href":"https:\/\/api.w.org\/{rel}","templated":true}]}}