{"id":65723,"date":"2024-03-22T14:52:31","date_gmt":"2024-03-22T13:52:31","guid":{"rendered":"https:\/\/abinox-chr-clim.com\/index.php\/product\/plat-gondola-olympia-whiteware-650mm\/"},"modified":"2026-04-24T09:28:26","modified_gmt":"2026-04-24T07:28:26","slug":"plat-gondola-olympia-whiteware-650mm","status":"publish","type":"product","link":"https:\/\/abinox-chr-clim.com\/index.php\/product\/plat-gondola-olympia-whiteware-650mm\/","title":{"rendered":"Plat Gondola Olympia Whiteware 650mm"},"content":{"rendered":"<p>Id\u00e9al pour les buffets.<br \/>Couleur : blanc. Forme : rectangulaire arrondi. Compatible four, micro-ondes, lave-vaisselle et cong\u00e9lateur. Bords roul\u00e9s r\u00e9sistant aux \u00e9clats. Enti\u00e8rement vitrifi\u00e9 pour une r\u00e9sistance \u00e0 la chaleur et aux chocs. Cet article b\u00e9n\u00e9ficie de notre garantie \u00e0 vie contre les \u00e9br\u00e9chures. Porcelaine enti\u00e8rement vitrifi\u00e9e, certifi\u00e9e BS4034, adapt\u00e9e \u00e0 un usage professionnel. Couleur : blanc.<\/p>\n<p>Caract\u00e9ristiques :<br \/> Dimensions : 650(L) x 190(P) mm.<br \/> Mati\u00e8re : Porcelaine.<br \/> Couleur : Blanc.<\/p>\n","protected":false},"excerpt":{"rendered":"<p>Plat Gondola Olympia Whiteware 650mm<\/p>\n","protected":false},"featured_media":97504,"comment_status":"closed","ping_status":"closed","template":"","meta":[],"product_brand":[],"product_cat":[1023,1297,1048,1043],"product_tag":[],"class_list":{"0":"post-65723","1":"product","2":"type-product","3":"status-publish","4":"has-post-thumbnail","6":"product_cat-art-de-la-table","7":"product_cat-non-palettisable","8":"product_cat-olympia-vaisselle","9":"product_cat-vaisselle","10":"product_shipping_class-free-shipping","12":"first","13":"instock","14":"featured","15":"taxable","16":"shipping-taxable","17":"purchasable","18":"product-type-simple"},"_links":{"self":[{"href":"https:\/\/abinox-chr-clim.com\/index.php\/wp-json\/wp\/v2\/product\/65723","targetHints":{"allow":["GET"]}}],"collection":[{"href":"https:\/\/abinox-chr-clim.com\/index.php\/wp-json\/wp\/v2\/product"}],"about":[{"href":"https:\/\/abinox-chr-clim.com\/index.php\/wp-json\/wp\/v2\/types\/product"}],"replies":[{"embeddable":true,"href":"https:\/\/abinox-chr-clim.com\/index.php\/wp-json\/wp\/v2\/comments?post=65723"}],"wp:featuredmedia":[{"embeddable":true,"href":"https:\/\/abinox-chr-clim.com\/index.php\/wp-json\/wp\/v2\/media\/97504"}],"wp:attachment":[{"href":"https:\/\/abinox-chr-clim.com\/index.php\/wp-json\/wp\/v2\/media?parent=65723"}],"wp:term":[{"taxonomy":"product_brand","embeddable":true,"href":"https:\/\/abinox-chr-clim.com\/index.php\/wp-json\/wp\/v2\/product_brand?post=65723"},{"taxonomy":"product_cat","embeddable":true,"href":"https:\/\/abinox-chr-clim.com\/index.php\/wp-json\/wp\/v2\/product_cat?post=65723"},{"taxonomy":"product_tag","embeddable":true,"href":"https:\/\/abinox-chr-clim.com\/index.php\/wp-json\/wp\/v2\/product_tag?post=65723"}],"curies":[{"name":"wp","href":"https:\/\/api.w.org\/{rel}","templated":true}]}}