{"id":65719,"date":"2024-03-22T14:52:29","date_gmt":"2024-03-22T13:52:29","guid":{"rendered":"https:\/\/abinox-chr-clim.com\/index.php\/product\/bols-a-soupe-tete-de-lion-olympia-whiteware-475-ml-lot-de-6\/"},"modified":"2026-04-02T09:08:17","modified_gmt":"2026-04-02T07:08:17","slug":"bols-a-soupe-tete-de-lion-olympia-whiteware-475-ml-lot-de-6","status":"publish","type":"product","link":"https:\/\/abinox-chr-clim.com\/index.php\/product\/bols-a-soupe-tete-de-lion-olympia-whiteware-475-ml-lot-de-6\/","title":{"rendered":"Bols \u00e0 soupe t\u00eate de lion Olympia Whiteware 475 ml (lot de 6)"},"content":{"rendered":"<p>Capacit\u00e9 : 475ml, hauteur 90mm, profondeur interne env. 75mm, largeur comprenant les t\u00eates 155mm, diam\u00e8tre avec  la jante 110mm. Forme : ronde. R\u00e9siste au four \u00e0 micro-ondes, au lave-vaisselle et au cong\u00e9lateur.Bords arrondis renforc\u00e9s pour r\u00e9sister aux \u00e9br\u00e9chures. Enti\u00e8rement vitrifi\u00e9 pour r\u00e9sister \u00e0 la chaleur et aux chocs. Pure porcelaine h\u00f4teli\u00e8re blanche de tr\u00e8s belle qualit\u00e9. B\u00e9n\u00e9ficie de la garantie \u00e0 vie contre les \u00e9br\u00e9chures.Capacit\u00e9 : 475ml, hauteur 90mm, profondeur interne env. 75mm, largeur comprenant les t\u00eates 155mm, diam\u00e8tre avec  la jante 110mm.<\/p>\n<p>Caract\u00e9ristiques :<br \/>Lot : 6.<br \/> Capacit\u00e9 : 475 ml.<br \/> Dimensions : 105(\u00d8)mm.<br \/> Mati\u00e8re : Porcelaine.<br \/> Couleur : Blanc.<\/p>\n","protected":false},"excerpt":{"rendered":"<p>Bols \u00e0 soupe t\u00eate de lion Olympia Whiteware 475 ml (lot de 6)<\/p>\n","protected":false},"featured_media":98009,"comment_status":"closed","ping_status":"closed","template":"","meta":[],"product_brand":[],"product_cat":[1023,1297,1048,1043],"product_tag":[],"class_list":{"0":"post-65719","1":"product","2":"type-product","3":"status-publish","4":"has-post-thumbnail","6":"product_cat-art-de-la-table","7":"product_cat-non-palettisable","8":"product_cat-olympia-vaisselle","9":"product_cat-vaisselle","10":"product_shipping_class-free-shipping","12":"first","13":"instock","14":"featured","15":"taxable","16":"shipping-taxable","17":"purchasable","18":"product-type-simple"},"_links":{"self":[{"href":"https:\/\/abinox-chr-clim.com\/index.php\/wp-json\/wp\/v2\/product\/65719","targetHints":{"allow":["GET"]}}],"collection":[{"href":"https:\/\/abinox-chr-clim.com\/index.php\/wp-json\/wp\/v2\/product"}],"about":[{"href":"https:\/\/abinox-chr-clim.com\/index.php\/wp-json\/wp\/v2\/types\/product"}],"replies":[{"embeddable":true,"href":"https:\/\/abinox-chr-clim.com\/index.php\/wp-json\/wp\/v2\/comments?post=65719"}],"wp:featuredmedia":[{"embeddable":true,"href":"https:\/\/abinox-chr-clim.com\/index.php\/wp-json\/wp\/v2\/media\/98009"}],"wp:attachment":[{"href":"https:\/\/abinox-chr-clim.com\/index.php\/wp-json\/wp\/v2\/media?parent=65719"}],"wp:term":[{"taxonomy":"product_brand","embeddable":true,"href":"https:\/\/abinox-chr-clim.com\/index.php\/wp-json\/wp\/v2\/product_brand?post=65719"},{"taxonomy":"product_cat","embeddable":true,"href":"https:\/\/abinox-chr-clim.com\/index.php\/wp-json\/wp\/v2\/product_cat?post=65719"},{"taxonomy":"product_tag","embeddable":true,"href":"https:\/\/abinox-chr-clim.com\/index.php\/wp-json\/wp\/v2\/product_tag?post=65719"}],"curies":[{"name":"wp","href":"https:\/\/api.w.org\/{rel}","templated":true}]}}