{"id":65704,"date":"2024-03-22T14:52:25","date_gmt":"2024-03-22T13:52:25","guid":{"rendered":"https:\/\/abinox-chr-clim.com\/index.php\/product\/plats-ovales-a-oreilles-blancs-olympia-290-x-166mm-lot-de-6\/"},"modified":"2026-04-02T09:08:33","modified_gmt":"2026-04-02T07:08:33","slug":"plats-ovales-a-oreilles-blancs-olympia-290-x-166mm-lot-de-6","status":"publish","type":"product","link":"https:\/\/abinox-chr-clim.com\/index.php\/product\/plats-ovales-a-oreilles-blancs-olympia-290-x-166mm-lot-de-6\/","title":{"rendered":"Plats ovales \u00e0 oreilles blancs Olympia 290 x 166mm (Lot de 6)"},"content":{"rendered":"<p>Couleur : blanc. Forme : ovale. R\u00e9siste au four \u00e0 micro-ondes, lave-vaisselle et cong\u00e9lateur. Bords arrondis renforc\u00e9s pour r\u00e9sister aux \u00e9clats. Pure porcelaine h\u00f4teli\u00e8re blanche de tr\u00e8s belle qualit\u00e9. Enti\u00e8rement vitrifi\u00e9 pour r\u00e9sister \u00e0 la chaleur et aux chocs.Dimensions sans les oreilles 202(L) x 120(P)mm. Capacit\u00e9 : 600ml.Couleur : blanc.<\/p>\n<p>Caract\u00e9ristiques :<br \/>Lot : 6.<br \/> Capacit\u00e9 : 600 ml.<br \/> Dimensions : 53(H) x 290(L) x 166(P)mm.<br \/> Mati\u00e8re : Porcelaine.<br \/> Couleur : Blanc.<\/p>\n","protected":false},"excerpt":{"rendered":"<p>Plats ovales \u00e0 oreilles blancs Olympia 290 x 166mm (Lot de 6)<\/p>\n","protected":false},"featured_media":97924,"comment_status":"closed","ping_status":"closed","template":"","meta":[],"product_brand":[],"product_cat":[1023,1297,1048,1043],"product_tag":[],"class_list":{"0":"post-65704","1":"product","2":"type-product","3":"status-publish","4":"has-post-thumbnail","6":"product_cat-art-de-la-table","7":"product_cat-non-palettisable","8":"product_cat-olympia-vaisselle","9":"product_cat-vaisselle","10":"product_shipping_class-free-shipping","12":"first","13":"instock","14":"featured","15":"taxable","16":"shipping-taxable","17":"purchasable","18":"product-type-simple"},"_links":{"self":[{"href":"https:\/\/abinox-chr-clim.com\/index.php\/wp-json\/wp\/v2\/product\/65704","targetHints":{"allow":["GET"]}}],"collection":[{"href":"https:\/\/abinox-chr-clim.com\/index.php\/wp-json\/wp\/v2\/product"}],"about":[{"href":"https:\/\/abinox-chr-clim.com\/index.php\/wp-json\/wp\/v2\/types\/product"}],"replies":[{"embeddable":true,"href":"https:\/\/abinox-chr-clim.com\/index.php\/wp-json\/wp\/v2\/comments?post=65704"}],"wp:featuredmedia":[{"embeddable":true,"href":"https:\/\/abinox-chr-clim.com\/index.php\/wp-json\/wp\/v2\/media\/97924"}],"wp:attachment":[{"href":"https:\/\/abinox-chr-clim.com\/index.php\/wp-json\/wp\/v2\/media?parent=65704"}],"wp:term":[{"taxonomy":"product_brand","embeddable":true,"href":"https:\/\/abinox-chr-clim.com\/index.php\/wp-json\/wp\/v2\/product_brand?post=65704"},{"taxonomy":"product_cat","embeddable":true,"href":"https:\/\/abinox-chr-clim.com\/index.php\/wp-json\/wp\/v2\/product_cat?post=65704"},{"taxonomy":"product_tag","embeddable":true,"href":"https:\/\/abinox-chr-clim.com\/index.php\/wp-json\/wp\/v2\/product_tag?post=65704"}],"curies":[{"name":"wp","href":"https:\/\/api.w.org\/{rel}","templated":true}]}}