{"id":65701,"date":"2024-03-22T14:52:24","date_gmt":"2024-03-22T13:52:24","guid":{"rendered":"https:\/\/abinox-chr-clim.com\/index.php\/product\/tasse-empilable-ivory-285ml-olympia-lot-de-12\/"},"modified":"2026-04-24T09:26:58","modified_gmt":"2026-04-24T07:26:58","slug":"tasse-empilable-ivory-285ml-olympia-lot-de-12","status":"publish","type":"product","link":"https:\/\/abinox-chr-clim.com\/index.php\/product\/tasse-empilable-ivory-285ml-olympia-lot-de-12\/","title":{"rendered":"Tasse empilable Ivory 285ml Olympia (Lot de 12)"},"content":{"rendered":"<p>Couleur : ivoire. Forme : ronde. Compatible four, micro-ondes et lave-vaisselle. Bords roul\u00e9s. Enti\u00e8rement vitrifi\u00e9e pour r\u00e9sister \u00e0 la chaleur et aux chocs.  Couleur : ivoire.<\/p>\n<p>Caract\u00e9ristiques :<br \/>Lot : 12.<br \/> Capacit\u00e9 : 285ml.<br \/> Mati\u00e8re : Porcelaine<\/p>\n","protected":false},"excerpt":{"rendered":"<p>Tasse empilable Ivory 285ml Olympia (Lot de 12)<\/p>\n","protected":false},"featured_media":98827,"comment_status":"closed","ping_status":"closed","template":"","meta":[],"product_brand":[],"product_cat":[1023,1297,1048,1043],"product_tag":[],"class_list":{"0":"post-65701","1":"product","2":"type-product","3":"status-publish","4":"has-post-thumbnail","6":"product_cat-art-de-la-table","7":"product_cat-non-palettisable","8":"product_cat-olympia-vaisselle","9":"product_cat-vaisselle","10":"product_shipping_class-free-shipping","12":"first","13":"outofstock","14":"featured","15":"taxable","16":"shipping-taxable","17":"purchasable","18":"product-type-simple"},"_links":{"self":[{"href":"https:\/\/abinox-chr-clim.com\/index.php\/wp-json\/wp\/v2\/product\/65701","targetHints":{"allow":["GET"]}}],"collection":[{"href":"https:\/\/abinox-chr-clim.com\/index.php\/wp-json\/wp\/v2\/product"}],"about":[{"href":"https:\/\/abinox-chr-clim.com\/index.php\/wp-json\/wp\/v2\/types\/product"}],"replies":[{"embeddable":true,"href":"https:\/\/abinox-chr-clim.com\/index.php\/wp-json\/wp\/v2\/comments?post=65701"}],"wp:featuredmedia":[{"embeddable":true,"href":"https:\/\/abinox-chr-clim.com\/index.php\/wp-json\/wp\/v2\/media\/98827"}],"wp:attachment":[{"href":"https:\/\/abinox-chr-clim.com\/index.php\/wp-json\/wp\/v2\/media?parent=65701"}],"wp:term":[{"taxonomy":"product_brand","embeddable":true,"href":"https:\/\/abinox-chr-clim.com\/index.php\/wp-json\/wp\/v2\/product_brand?post=65701"},{"taxonomy":"product_cat","embeddable":true,"href":"https:\/\/abinox-chr-clim.com\/index.php\/wp-json\/wp\/v2\/product_cat?post=65701"},{"taxonomy":"product_tag","embeddable":true,"href":"https:\/\/abinox-chr-clim.com\/index.php\/wp-json\/wp\/v2\/product_tag?post=65701"}],"curies":[{"name":"wp","href":"https:\/\/api.w.org\/{rel}","templated":true}]}}