{"id":65692,"date":"2024-03-22T14:52:20","date_gmt":"2024-03-22T13:52:20","guid":{"rendered":"https:\/\/abinox-chr-clim.com\/index.php\/product\/pots-a-lait-blancs-olympia-170ml-lot-de-6\/"},"modified":"2026-04-14T09:23:52","modified_gmt":"2026-04-14T07:23:52","slug":"pots-a-lait-blancs-olympia-170ml-lot-de-6","status":"publish","type":"product","link":"https:\/\/abinox-chr-clim.com\/index.php\/product\/pots-a-lait-blancs-olympia-170ml-lot-de-6\/","title":{"rendered":"Pots \u00e0 lait blancs Olympia 170ml (Lot de 6)"},"content":{"rendered":"<p>La couleur blanche apporte une touche minimaliste et sophistiqu\u00e9e. Convient au lave-vaisselle, au micro-ondes, au four et au cong\u00e9lateur pour une utilisation dans une grande vari\u00e9t\u00e9 de services. L&rsquo;\u00e9mail enti\u00e8rement vitrifi\u00e9 prot\u00e8ge contre les rayures, les fissures ou les dommages caus\u00e9s par la chaleur et les chocs. La poign\u00e9e ergonomique permet une prise en main confortable et un transport facile. Les bords arrondis permettent d&rsquo;\u00e9viter les \u00e9clats accidentels pendant le service ou le nettoyage. Le bec verseur permet un versement rapide et contr\u00f4l\u00e9.  La couleur blanche apporte une touche minimaliste et sophistiqu\u00e9e.<\/p>\n<p>Caract\u00e9ristiques :<br \/>Lot : 6.<br \/> Dimensions : 82(H) x 106(L) x 70(P)mm.<br \/> Mati\u00e8re : Porcelaine.<br \/> Sortie : 1 an.<br \/> Couleur : Blanc.<\/p>\n","protected":false},"excerpt":{"rendered":"<p>Pots \u00e0 lait blancs Olympia 170ml (Lot de 6)<\/p>\n","protected":false},"featured_media":98777,"comment_status":"closed","ping_status":"closed","template":"","meta":[],"product_brand":[],"product_cat":[1023,1297,1048,1043],"product_tag":[],"class_list":{"0":"post-65692","1":"product","2":"type-product","3":"status-publish","4":"has-post-thumbnail","6":"product_cat-art-de-la-table","7":"product_cat-non-palettisable","8":"product_cat-olympia-vaisselle","9":"product_cat-vaisselle","10":"product_shipping_class-free-shipping","12":"first","13":"instock","14":"featured","15":"taxable","16":"shipping-taxable","17":"purchasable","18":"product-type-simple"},"_links":{"self":[{"href":"https:\/\/abinox-chr-clim.com\/index.php\/wp-json\/wp\/v2\/product\/65692","targetHints":{"allow":["GET"]}}],"collection":[{"href":"https:\/\/abinox-chr-clim.com\/index.php\/wp-json\/wp\/v2\/product"}],"about":[{"href":"https:\/\/abinox-chr-clim.com\/index.php\/wp-json\/wp\/v2\/types\/product"}],"replies":[{"embeddable":true,"href":"https:\/\/abinox-chr-clim.com\/index.php\/wp-json\/wp\/v2\/comments?post=65692"}],"wp:featuredmedia":[{"embeddable":true,"href":"https:\/\/abinox-chr-clim.com\/index.php\/wp-json\/wp\/v2\/media\/98777"}],"wp:attachment":[{"href":"https:\/\/abinox-chr-clim.com\/index.php\/wp-json\/wp\/v2\/media?parent=65692"}],"wp:term":[{"taxonomy":"product_brand","embeddable":true,"href":"https:\/\/abinox-chr-clim.com\/index.php\/wp-json\/wp\/v2\/product_brand?post=65692"},{"taxonomy":"product_cat","embeddable":true,"href":"https:\/\/abinox-chr-clim.com\/index.php\/wp-json\/wp\/v2\/product_cat?post=65692"},{"taxonomy":"product_tag","embeddable":true,"href":"https:\/\/abinox-chr-clim.com\/index.php\/wp-json\/wp\/v2\/product_tag?post=65692"}],"curies":[{"name":"wp","href":"https:\/\/api.w.org\/{rel}","templated":true}]}}