{"id":65646,"date":"2024-03-22T14:52:04","date_gmt":"2024-03-22T13:52:04","guid":{"rendered":"https:\/\/abinox-chr-clim.com\/index.php\/product\/tasses-a-cafe-olympia-cafe-bleues-228-ml-lot-de-12\/"},"modified":"2025-11-11T09:51:28","modified_gmt":"2025-11-11T08:51:28","slug":"tasses-a-cafe-olympia-cafe-bleues-228-ml-lot-de-12","status":"publish","type":"product","link":"https:\/\/abinox-chr-clim.com\/index.php\/product\/tasses-a-cafe-olympia-cafe-bleues-228-ml-lot-de-12\/","title":{"rendered":"Tasses \u00e0 caf\u00e9 Olympia Caf\u00e9 bleues 228 ml (lot de 12)"},"content":{"rendered":"<p>Ajoutez une touche de couleur \u00e0 votre service de table avec cette vaisselle chaleureuse et accueillante, adapt\u00e9e aux h\u00f4tels, caf\u00e9s et \u00e9tablissements de restauration devant r\u00e9pondre \u00e0 une utilisation intensive. Ces pi\u00e8ces \u00e9l\u00e9gantes, empilables avec bords roul\u00e9s, sont enti\u00e8rement vitrifi\u00e9es.<br \/>Convient aux soucoupes GL047, GL048, GL049, HC407 et GL464. Passe au four, au micro-ondes et au lave-vaisselle. Bords roul\u00e9s doux pour plus de durabilit\u00e9. Bords roul\u00e9s doux et r\u00e9sistants aux \u00e9clats. Convient aux soucoupes GL047, GL048, GL049, HC407 et GL464.<\/p>\n<p>Caract\u00e9ristiques :<br \/>Lot : 12.<br \/> Dimensions : 58(H) x 122.<br \/> Mati\u00e8re : Gr\u00e8s.<br \/> Couleur : Bleu.<\/p>\n","protected":false},"excerpt":{"rendered":"<p>Tasses \u00e0 caf\u00e9 Olympia Caf\u00e9 bleues 228 ml (lot de 12)<\/p>\n","protected":false},"featured_media":104051,"comment_status":"closed","ping_status":"closed","template":"","meta":[],"product_brand":[],"product_cat":[1023,1297,1048,1043],"product_tag":[],"class_list":{"0":"post-65646","1":"product","2":"type-product","3":"status-publish","4":"has-post-thumbnail","6":"product_cat-art-de-la-table","7":"product_cat-non-palettisable","8":"product_cat-olympia-vaisselle","9":"product_cat-vaisselle","10":"product_shipping_class-free-shipping","12":"first","13":"outofstock","14":"featured","15":"taxable","16":"shipping-taxable","17":"purchasable","18":"product-type-simple"},"_links":{"self":[{"href":"https:\/\/abinox-chr-clim.com\/index.php\/wp-json\/wp\/v2\/product\/65646","targetHints":{"allow":["GET"]}}],"collection":[{"href":"https:\/\/abinox-chr-clim.com\/index.php\/wp-json\/wp\/v2\/product"}],"about":[{"href":"https:\/\/abinox-chr-clim.com\/index.php\/wp-json\/wp\/v2\/types\/product"}],"replies":[{"embeddable":true,"href":"https:\/\/abinox-chr-clim.com\/index.php\/wp-json\/wp\/v2\/comments?post=65646"}],"wp:featuredmedia":[{"embeddable":true,"href":"https:\/\/abinox-chr-clim.com\/index.php\/wp-json\/wp\/v2\/media\/104051"}],"wp:attachment":[{"href":"https:\/\/abinox-chr-clim.com\/index.php\/wp-json\/wp\/v2\/media?parent=65646"}],"wp:term":[{"taxonomy":"product_brand","embeddable":true,"href":"https:\/\/abinox-chr-clim.com\/index.php\/wp-json\/wp\/v2\/product_brand?post=65646"},{"taxonomy":"product_cat","embeddable":true,"href":"https:\/\/abinox-chr-clim.com\/index.php\/wp-json\/wp\/v2\/product_cat?post=65646"},{"taxonomy":"product_tag","embeddable":true,"href":"https:\/\/abinox-chr-clim.com\/index.php\/wp-json\/wp\/v2\/product_tag?post=65646"}],"curies":[{"name":"wp","href":"https:\/\/api.w.org\/{rel}","templated":true}]}}