{"id":65637,"date":"2024-03-22T14:52:00","date_gmt":"2024-03-22T13:52:00","guid":{"rendered":"https:\/\/abinox-chr-clim.com\/index.php\/product\/assiette-plate-en-acier-emaille-olympia-245mm-lot-de-6\/"},"modified":"2026-04-11T09:25:44","modified_gmt":"2026-04-11T07:25:44","slug":"assiette-plate-en-acier-emaille-olympia-245mm-lot-de-6","status":"publish","type":"product","link":"https:\/\/abinox-chr-clim.com\/index.php\/product\/assiette-plate-en-acier-emaille-olympia-245mm-lot-de-6\/","title":{"rendered":"Assiette plate en acier \u00e9maill\u00e9 Olympia 245mm lot de 6"},"content":{"rendered":"<p>Le style r\u00e9tro classique de l&rsquo;\u00e9mail bleu et blanc sur votre table. Chaque article saura acqu\u00e9rir son propre caract\u00e8re au fil d&rsquo;un usage r\u00e9p\u00e9t\u00e9. Eclats et imperfections font partie du style particulier de ce type de produits.Compatible four.Le style r\u00e9tro classique de l&rsquo;\u00e9mail bleu et blanc sur votre table.<\/p>\n<p>Caract\u00e9ristiques :<br \/>Lot : 6.<br \/> Dimensions : 245mm(\u00d8).<br \/> Mati\u00e8re : Acier \u00e9maill\u00e9.<br \/> Couleur : Blanc et bleu.<\/p>\n","protected":false},"excerpt":{"rendered":"<p>Assiette plate en acier \u00e9maill\u00e9 Olympia 245mm lot de 6<\/p>\n","protected":false},"featured_media":102242,"comment_status":"closed","ping_status":"closed","template":"","meta":[],"product_brand":[],"product_cat":[1023,1297,1048,1043],"product_tag":[],"class_list":{"0":"post-65637","1":"product","2":"type-product","3":"status-publish","4":"has-post-thumbnail","6":"product_cat-art-de-la-table","7":"product_cat-non-palettisable","8":"product_cat-olympia-vaisselle","9":"product_cat-vaisselle","10":"product_shipping_class-free-shipping","12":"first","13":"instock","14":"featured","15":"taxable","16":"shipping-taxable","17":"purchasable","18":"product-type-simple"},"_links":{"self":[{"href":"https:\/\/abinox-chr-clim.com\/index.php\/wp-json\/wp\/v2\/product\/65637","targetHints":{"allow":["GET"]}}],"collection":[{"href":"https:\/\/abinox-chr-clim.com\/index.php\/wp-json\/wp\/v2\/product"}],"about":[{"href":"https:\/\/abinox-chr-clim.com\/index.php\/wp-json\/wp\/v2\/types\/product"}],"replies":[{"embeddable":true,"href":"https:\/\/abinox-chr-clim.com\/index.php\/wp-json\/wp\/v2\/comments?post=65637"}],"wp:featuredmedia":[{"embeddable":true,"href":"https:\/\/abinox-chr-clim.com\/index.php\/wp-json\/wp\/v2\/media\/102242"}],"wp:attachment":[{"href":"https:\/\/abinox-chr-clim.com\/index.php\/wp-json\/wp\/v2\/media?parent=65637"}],"wp:term":[{"taxonomy":"product_brand","embeddable":true,"href":"https:\/\/abinox-chr-clim.com\/index.php\/wp-json\/wp\/v2\/product_brand?post=65637"},{"taxonomy":"product_cat","embeddable":true,"href":"https:\/\/abinox-chr-clim.com\/index.php\/wp-json\/wp\/v2\/product_cat?post=65637"},{"taxonomy":"product_tag","embeddable":true,"href":"https:\/\/abinox-chr-clim.com\/index.php\/wp-json\/wp\/v2\/product_tag?post=65637"}],"curies":[{"name":"wp","href":"https:\/\/api.w.org\/{rel}","templated":true}]}}