{"id":65630,"date":"2024-03-22T14:51:58","date_gmt":"2024-03-22T13:51:58","guid":{"rendered":"https:\/\/abinox-chr-clim.com\/index.php\/product\/mugs-latte-olympia-cafe-rouges-340ml-lot-de-12\/"},"modified":"2025-11-11T08:22:08","modified_gmt":"2025-11-11T07:22:08","slug":"mugs-latte-olympia-cafe-rouges-340ml-lot-de-12","status":"publish","type":"product","link":"https:\/\/abinox-chr-clim.com\/index.php\/product\/mugs-latte-olympia-cafe-rouges-340ml-lot-de-12\/","title":{"rendered":"Mugs Latte Olympia Caf\u00e9 rouges 340ml (lot de 12)"},"content":{"rendered":"<p>Compatible avec les soucoupes GL047, GL048, GL049, H407 et GL466. Compatible four, micro-ondes et lave-vaisselle. En gr\u00e8s, \u00e0 manipuler avec soin. Une partie de la gamme \u00e9tendue et vari\u00e9e Olympia Caf\u00e9. Id\u00e9al pour cr\u00e9er votre service boissons personnalis\u00e9.  Compatible avec les soucoupes GL047, GL048, GL049, H407 et GL466.<\/p>\n<p>Caract\u00e9ristiques :<br \/>Lot : 12.<br \/> Dimensions : 115(H) x 125(L) x 89(\u00d8)mm.<br \/> Mati\u00e8re : Porcelaine.<br \/> Couleur : Rouge.<\/p>\n","protected":false},"excerpt":{"rendered":"<p>Mugs Latte Olympia Caf\u00e9 rouges 340ml (lot de 12)<\/p>\n","protected":false},"featured_media":102804,"comment_status":"closed","ping_status":"closed","template":"","meta":[],"product_brand":[],"product_cat":[1023,1297,1048,1043],"product_tag":[],"class_list":{"0":"post-65630","1":"product","2":"type-product","3":"status-publish","4":"has-post-thumbnail","6":"product_cat-art-de-la-table","7":"product_cat-non-palettisable","8":"product_cat-olympia-vaisselle","9":"product_cat-vaisselle","10":"product_shipping_class-free-shipping","12":"first","13":"outofstock","14":"featured","15":"taxable","16":"shipping-taxable","17":"purchasable","18":"product-type-simple"},"_links":{"self":[{"href":"https:\/\/abinox-chr-clim.com\/index.php\/wp-json\/wp\/v2\/product\/65630","targetHints":{"allow":["GET"]}}],"collection":[{"href":"https:\/\/abinox-chr-clim.com\/index.php\/wp-json\/wp\/v2\/product"}],"about":[{"href":"https:\/\/abinox-chr-clim.com\/index.php\/wp-json\/wp\/v2\/types\/product"}],"replies":[{"embeddable":true,"href":"https:\/\/abinox-chr-clim.com\/index.php\/wp-json\/wp\/v2\/comments?post=65630"}],"wp:featuredmedia":[{"embeddable":true,"href":"https:\/\/abinox-chr-clim.com\/index.php\/wp-json\/wp\/v2\/media\/102804"}],"wp:attachment":[{"href":"https:\/\/abinox-chr-clim.com\/index.php\/wp-json\/wp\/v2\/media?parent=65630"}],"wp:term":[{"taxonomy":"product_brand","embeddable":true,"href":"https:\/\/abinox-chr-clim.com\/index.php\/wp-json\/wp\/v2\/product_brand?post=65630"},{"taxonomy":"product_cat","embeddable":true,"href":"https:\/\/abinox-chr-clim.com\/index.php\/wp-json\/wp\/v2\/product_cat?post=65630"},{"taxonomy":"product_tag","embeddable":true,"href":"https:\/\/abinox-chr-clim.com\/index.php\/wp-json\/wp\/v2\/product_tag?post=65630"}],"curies":[{"name":"wp","href":"https:\/\/api.w.org\/{rel}","templated":true}]}}