{"id":65613,"date":"2024-03-22T14:51:53","date_gmt":"2024-03-22T13:51:53","guid":{"rendered":"https:\/\/abinox-chr-clim.com\/index.php\/product\/tasse-a-cafe-olympia-rouge-228ml-lot-de-12\/"},"modified":"2026-04-02T09:16:16","modified_gmt":"2026-04-02T07:16:16","slug":"tasse-a-cafe-olympia-rouge-228ml-lot-de-12","status":"publish","type":"product","link":"https:\/\/abinox-chr-clim.com\/index.php\/product\/tasse-a-cafe-olympia-rouge-228ml-lot-de-12\/","title":{"rendered":"Tasse \u00e0 caf\u00e9 Olympia rouge 228ml (Lot de 12)"},"content":{"rendered":"<p>Compatibles avec les soucoupes GL047, GL048, GL049, H407 et GL464. Compatible four, micro-ondes et lave-vaisselle. Appartient \u00e0 la large gamme Olympia Caf\u00e9. Bords roul\u00e9s r\u00e9sistants aux \u00e9clats. Compatibles avec les soucoupes GL047, GL048, GL049, H407 et GL464.<\/p>\n<p>Caract\u00e9ristiques :<br \/>Lot : 12.<br \/> Capacit\u00e9 : 228ml.<br \/> Dimensions : 60(H) x 122.<br \/> Mati\u00e8re : Gr\u00e8s<\/p>\n","protected":false},"excerpt":{"rendered":"<p>Tasse \u00e0 caf\u00e9 Olympia rouge 228ml (Lot de 12)<\/p>\n","protected":false},"featured_media":101942,"comment_status":"closed","ping_status":"closed","template":"","meta":[],"product_brand":[],"product_cat":[1023,1297,1048,1043],"product_tag":[],"class_list":{"0":"post-65613","1":"product","2":"type-product","3":"status-publish","4":"has-post-thumbnail","6":"product_cat-art-de-la-table","7":"product_cat-non-palettisable","8":"product_cat-olympia-vaisselle","9":"product_cat-vaisselle","10":"product_shipping_class-free-shipping","12":"first","13":"instock","14":"featured","15":"taxable","16":"shipping-taxable","17":"purchasable","18":"product-type-simple"},"_links":{"self":[{"href":"https:\/\/abinox-chr-clim.com\/index.php\/wp-json\/wp\/v2\/product\/65613","targetHints":{"allow":["GET"]}}],"collection":[{"href":"https:\/\/abinox-chr-clim.com\/index.php\/wp-json\/wp\/v2\/product"}],"about":[{"href":"https:\/\/abinox-chr-clim.com\/index.php\/wp-json\/wp\/v2\/types\/product"}],"replies":[{"embeddable":true,"href":"https:\/\/abinox-chr-clim.com\/index.php\/wp-json\/wp\/v2\/comments?post=65613"}],"wp:featuredmedia":[{"embeddable":true,"href":"https:\/\/abinox-chr-clim.com\/index.php\/wp-json\/wp\/v2\/media\/101942"}],"wp:attachment":[{"href":"https:\/\/abinox-chr-clim.com\/index.php\/wp-json\/wp\/v2\/media?parent=65613"}],"wp:term":[{"taxonomy":"product_brand","embeddable":true,"href":"https:\/\/abinox-chr-clim.com\/index.php\/wp-json\/wp\/v2\/product_brand?post=65613"},{"taxonomy":"product_cat","embeddable":true,"href":"https:\/\/abinox-chr-clim.com\/index.php\/wp-json\/wp\/v2\/product_cat?post=65613"},{"taxonomy":"product_tag","embeddable":true,"href":"https:\/\/abinox-chr-clim.com\/index.php\/wp-json\/wp\/v2\/product_tag?post=65613"}],"curies":[{"name":"wp","href":"https:\/\/api.w.org\/{rel}","templated":true}]}}