{"id":65611,"date":"2024-03-22T14:51:53","date_gmt":"2024-03-22T13:51:53","guid":{"rendered":"https:\/\/abinox-chr-clim.com\/index.php\/product\/tasses-a-espresso-olympia-cafe-blanches-100ml-lot-de-12\/"},"modified":"2026-04-24T09:37:19","modified_gmt":"2026-04-24T07:37:19","slug":"tasses-a-espresso-olympia-cafe-blanches-100ml-lot-de-12","status":"publish","type":"product","link":"https:\/\/abinox-chr-clim.com\/index.php\/product\/tasses-a-espresso-olympia-cafe-blanches-100ml-lot-de-12\/","title":{"rendered":"Tasses \u00e0 espresso Olympia Caf\u00e9 blanches 100ml (Lot de 12)"},"content":{"rendered":"<p>Adapt\u00e9e aux soucoupes GL463, GK085, GK086, GK087 et HC406. Compatible four, micro-ondes et lave-vaisselle. Bords roul\u00e9s r\u00e9sistant aux \u00e9clats. Appartient \u00e0 la gamme Olympia Caf\u00e9. Adapt\u00e9e aux soucoupes GL463, GK085, GK086, GK087 et HC406.<\/p>\n<p>Caract\u00e9ristiques :<br \/>Lot : 12.<br \/> Capacit\u00e9 : 100ml.<br \/> Dimensions : 60(H) x 94.<br \/> Mati\u00e8re : Gr\u00e8s.<br \/> Couleur : Blanc.<\/p>\n","protected":false},"excerpt":{"rendered":"<p>Tasses \u00e0 espresso Olympia Caf\u00e9 blanches 100ml (Lot de 12)<\/p>\n","protected":false},"featured_media":101940,"comment_status":"closed","ping_status":"closed","template":"","meta":[],"product_brand":[],"product_cat":[1023,1297,1048,1043],"product_tag":[],"class_list":{"0":"post-65611","1":"product","2":"type-product","3":"status-publish","4":"has-post-thumbnail","6":"product_cat-art-de-la-table","7":"product_cat-non-palettisable","8":"product_cat-olympia-vaisselle","9":"product_cat-vaisselle","10":"product_shipping_class-free-shipping","12":"first","13":"instock","14":"featured","15":"taxable","16":"shipping-taxable","17":"purchasable","18":"product-type-simple"},"_links":{"self":[{"href":"https:\/\/abinox-chr-clim.com\/index.php\/wp-json\/wp\/v2\/product\/65611","targetHints":{"allow":["GET"]}}],"collection":[{"href":"https:\/\/abinox-chr-clim.com\/index.php\/wp-json\/wp\/v2\/product"}],"about":[{"href":"https:\/\/abinox-chr-clim.com\/index.php\/wp-json\/wp\/v2\/types\/product"}],"replies":[{"embeddable":true,"href":"https:\/\/abinox-chr-clim.com\/index.php\/wp-json\/wp\/v2\/comments?post=65611"}],"wp:featuredmedia":[{"embeddable":true,"href":"https:\/\/abinox-chr-clim.com\/index.php\/wp-json\/wp\/v2\/media\/101940"}],"wp:attachment":[{"href":"https:\/\/abinox-chr-clim.com\/index.php\/wp-json\/wp\/v2\/media?parent=65611"}],"wp:term":[{"taxonomy":"product_brand","embeddable":true,"href":"https:\/\/abinox-chr-clim.com\/index.php\/wp-json\/wp\/v2\/product_brand?post=65611"},{"taxonomy":"product_cat","embeddable":true,"href":"https:\/\/abinox-chr-clim.com\/index.php\/wp-json\/wp\/v2\/product_cat?post=65611"},{"taxonomy":"product_tag","embeddable":true,"href":"https:\/\/abinox-chr-clim.com\/index.php\/wp-json\/wp\/v2\/product_tag?post=65611"}],"curies":[{"name":"wp","href":"https:\/\/api.w.org\/{rel}","templated":true}]}}