{"id":65597,"date":"2024-03-22T14:51:47","date_gmt":"2024-03-22T13:51:47","guid":{"rendered":"https:\/\/abinox-chr-clim.com\/index.php\/product\/bols-plats-ronds-anthracite-olympia-cavolo-143mm-lot-de-6\/"},"modified":"2026-03-16T12:32:05","modified_gmt":"2026-03-16T11:32:05","slug":"bols-plats-ronds-anthracite-olympia-cavolo-143mm-lot-de-6","status":"publish","type":"product","link":"https:\/\/abinox-chr-clim.com\/index.php\/product\/bols-plats-ronds-anthracite-olympia-cavolo-143mm-lot-de-6\/","title":{"rendered":"Bols plats ronds anthracite Olympia Cavolo 143mm (lot de 6)"},"content":{"rendered":"<p>Bols plats tendance aux coloris inspir\u00e9s de la nature. Passent au four, au micro-ondes et au lave-vaisselle.<br \/>Le coloris et la texture inspir\u00e9s de la nature am\u00e9liorent l&rsquo;apparence des plats bio et sains. Une finition avec un vernis r\u00e9actif donne \u00e0 chaque assiette un aspect unique. Le fond plat permet un dressage facile et cr\u00e9atif. Le petit bord encadre parfaitement vos plats. Conception robuste de qualit\u00e9 commerciale. Empilable. Lave-vaisselle. Passe au four. Garantie anti \u00e9br\u00e9chures. Porcelaine enti\u00e8rement vitrifi\u00e9e, certifi\u00e9e BS4034, adapt\u00e9e \u00e0 un usage h\u00f4telier. Convient pour une utilisation au micro-ondes. Le coloris et la texture inspir\u00e9s de la nature am\u00e9liorent l&rsquo;apparence des plats bio et sains.<\/p>\n<p>Caract\u00e9ristiques :<br \/>Lot : 6.<br \/> Capacit\u00e9 : 530 ml.<br \/> Dimensions : 143(\u00d8) mm.<br \/> Mati\u00e8re : Porcelaine.<br \/> Couleur : Gris.<\/p>\n","protected":false},"excerpt":{"rendered":"<p>Bols plats ronds anthracite Olympia Cavolo 143mm (lot de 6)<\/p>\n","protected":false},"featured_media":100647,"comment_status":"closed","ping_status":"closed","template":"","meta":[],"product_brand":[],"product_cat":[1023,1297,1048,1043],"product_tag":[],"class_list":{"0":"post-65597","1":"product","2":"type-product","3":"status-publish","4":"has-post-thumbnail","6":"product_cat-art-de-la-table","7":"product_cat-non-palettisable","8":"product_cat-olympia-vaisselle","9":"product_cat-vaisselle","10":"product_shipping_class-free-shipping","12":"first","13":"outofstock","14":"featured","15":"taxable","16":"shipping-taxable","17":"purchasable","18":"product-type-simple"},"_links":{"self":[{"href":"https:\/\/abinox-chr-clim.com\/index.php\/wp-json\/wp\/v2\/product\/65597","targetHints":{"allow":["GET"]}}],"collection":[{"href":"https:\/\/abinox-chr-clim.com\/index.php\/wp-json\/wp\/v2\/product"}],"about":[{"href":"https:\/\/abinox-chr-clim.com\/index.php\/wp-json\/wp\/v2\/types\/product"}],"replies":[{"embeddable":true,"href":"https:\/\/abinox-chr-clim.com\/index.php\/wp-json\/wp\/v2\/comments?post=65597"}],"wp:featuredmedia":[{"embeddable":true,"href":"https:\/\/abinox-chr-clim.com\/index.php\/wp-json\/wp\/v2\/media\/100647"}],"wp:attachment":[{"href":"https:\/\/abinox-chr-clim.com\/index.php\/wp-json\/wp\/v2\/media?parent=65597"}],"wp:term":[{"taxonomy":"product_brand","embeddable":true,"href":"https:\/\/abinox-chr-clim.com\/index.php\/wp-json\/wp\/v2\/product_brand?post=65597"},{"taxonomy":"product_cat","embeddable":true,"href":"https:\/\/abinox-chr-clim.com\/index.php\/wp-json\/wp\/v2\/product_cat?post=65597"},{"taxonomy":"product_tag","embeddable":true,"href":"https:\/\/abinox-chr-clim.com\/index.php\/wp-json\/wp\/v2\/product_tag?post=65597"}],"curies":[{"name":"wp","href":"https:\/\/api.w.org\/{rel}","templated":true}]}}