{"id":65580,"date":"2024-03-22T14:51:40","date_gmt":"2024-03-22T13:51:40","guid":{"rendered":"https:\/\/abinox-chr-clim.com\/index.php\/product\/plats-creux-terre-olympia-build-a-bowl-250o-x-45hmm-lot-de-4\/"},"modified":"2026-04-11T09:52:00","modified_gmt":"2026-04-11T07:52:00","slug":"plats-creux-terre-olympia-build-a-bowl-250o-x-45hmm-lot-de-4","status":"publish","type":"product","link":"https:\/\/abinox-chr-clim.com\/index.php\/product\/plats-creux-terre-olympia-build-a-bowl-250o-x-45hmm-lot-de-4\/","title":{"rendered":"Plats creux terre Olympia Build A Bowl 250(\u00d8) x 45(H)mm (lot de 4)"},"content":{"rendered":"<p>Dimensions 250(\u00d8) x 45(H)mm. Mat\u00e9riau gr\u00e8s. Couleur terre. Vitrifi\u00e9 et finition artisanale. Empilable. Lavable au lave-vaisselle. Compatible four. Base non \u00e9maill\u00e9e.Dimensions 250(\u00d8) x 45(H)mm.<\/p>\n<p>Caract\u00e9ristiques :<br \/>Lot : 4.<br \/> Capacit\u00e9 : 1,5 L.<br \/> Dimensions : 250(\u00d8) mm.<br \/> Mati\u00e8re : Gr\u00e8s.<br \/> Couleur : Marron.<\/p>\n","protected":false},"excerpt":{"rendered":"<p>Plats creux terre Olympia Build A Bowl 250(\u00d8) x 45(H)mm (lot de 4)<\/p>\n","protected":false},"featured_media":97436,"comment_status":"closed","ping_status":"closed","template":"","meta":[],"product_brand":[],"product_cat":[1023,1297,1048,1043],"product_tag":[],"class_list":{"0":"post-65580","1":"product","2":"type-product","3":"status-publish","4":"has-post-thumbnail","6":"product_cat-art-de-la-table","7":"product_cat-non-palettisable","8":"product_cat-olympia-vaisselle","9":"product_cat-vaisselle","10":"product_shipping_class-free-shipping","12":"first","13":"outofstock","14":"featured","15":"taxable","16":"shipping-taxable","17":"purchasable","18":"product-type-simple"},"_links":{"self":[{"href":"https:\/\/abinox-chr-clim.com\/index.php\/wp-json\/wp\/v2\/product\/65580","targetHints":{"allow":["GET"]}}],"collection":[{"href":"https:\/\/abinox-chr-clim.com\/index.php\/wp-json\/wp\/v2\/product"}],"about":[{"href":"https:\/\/abinox-chr-clim.com\/index.php\/wp-json\/wp\/v2\/types\/product"}],"replies":[{"embeddable":true,"href":"https:\/\/abinox-chr-clim.com\/index.php\/wp-json\/wp\/v2\/comments?post=65580"}],"wp:featuredmedia":[{"embeddable":true,"href":"https:\/\/abinox-chr-clim.com\/index.php\/wp-json\/wp\/v2\/media\/97436"}],"wp:attachment":[{"href":"https:\/\/abinox-chr-clim.com\/index.php\/wp-json\/wp\/v2\/media?parent=65580"}],"wp:term":[{"taxonomy":"product_brand","embeddable":true,"href":"https:\/\/abinox-chr-clim.com\/index.php\/wp-json\/wp\/v2\/product_brand?post=65580"},{"taxonomy":"product_cat","embeddable":true,"href":"https:\/\/abinox-chr-clim.com\/index.php\/wp-json\/wp\/v2\/product_cat?post=65580"},{"taxonomy":"product_tag","embeddable":true,"href":"https:\/\/abinox-chr-clim.com\/index.php\/wp-json\/wp\/v2\/product_tag?post=65580"}],"curies":[{"name":"wp","href":"https:\/\/api.w.org\/{rel}","templated":true}]}}