{"id":65551,"date":"2024-03-22T14:51:31","date_gmt":"2024-03-22T13:51:31","guid":{"rendered":"https:\/\/abinox-chr-clim.com\/index.php\/product\/bols-ronds-bleu-cristallin-olympia-cavolo-220mm-lot-de-4\/"},"modified":"2026-01-12T08:41:06","modified_gmt":"2026-01-12T07:41:06","slug":"bols-ronds-bleu-cristallin-olympia-cavolo-220mm-lot-de-4","status":"publish","type":"product","link":"https:\/\/abinox-chr-clim.com\/index.php\/product\/bols-ronds-bleu-cristallin-olympia-cavolo-220mm-lot-de-4\/","title":{"rendered":"Bols ronds bleu cristallin Olympia Cavolo 220mm (lot de 4)"},"content":{"rendered":"<p>Bols plats tendance aux coloris inspir\u00e9s de la nature. Passent au four, au micro-ondes et au lave-vaisselle.<br \/>Le coloris inspir\u00e9 de la nature rehausse l&rsquo;apparence des plats. La vitrification apporte des reflets diff\u00e9rents en fonction de la lumi\u00e8re. Le fond plat permet un dressage facile et cr\u00e9atif. Les petits bords encadrent parfaitement vos plats. Une construction de qualit\u00e9 commerciale conf\u00e8re aux bols une grande r\u00e9sistance. Compatible lave-vaisselle. Compatible four. Garantie \u00e0 vie contre les \u00e9br\u00e9chures. Porcelaine enti\u00e8rement vitrifi\u00e9e, certifi\u00e9e BS4034, adapt\u00e9e \u00e0 un usage professionnel. Compatible micro-ondes. Le coloris inspir\u00e9 de la nature rehausse l&rsquo;apparence des plats.<\/p>\n<p>Caract\u00e9ristiques :<br \/>Lot : 4.<br \/> Capacit\u00e9 : 900 ml.<br \/> Dimensions : 220(\u00d8) mm.<br \/> Mati\u00e8re : Porcelaine.<br \/> Couleur : Bleu.<\/p>\n","protected":false},"excerpt":{"rendered":"<p>Bols ronds bleu cristallin Olympia Cavolo 220mm (lot de 4)<\/p>\n","protected":false},"featured_media":94081,"comment_status":"closed","ping_status":"closed","template":"","meta":[],"product_brand":[],"product_cat":[1023,1297,1048,1043],"product_tag":[],"class_list":{"0":"post-65551","1":"product","2":"type-product","3":"status-publish","4":"has-post-thumbnail","6":"product_cat-art-de-la-table","7":"product_cat-non-palettisable","8":"product_cat-olympia-vaisselle","9":"product_cat-vaisselle","10":"product_shipping_class-free-shipping","12":"first","13":"outofstock","14":"featured","15":"taxable","16":"shipping-taxable","17":"purchasable","18":"product-type-simple"},"_links":{"self":[{"href":"https:\/\/abinox-chr-clim.com\/index.php\/wp-json\/wp\/v2\/product\/65551","targetHints":{"allow":["GET"]}}],"collection":[{"href":"https:\/\/abinox-chr-clim.com\/index.php\/wp-json\/wp\/v2\/product"}],"about":[{"href":"https:\/\/abinox-chr-clim.com\/index.php\/wp-json\/wp\/v2\/types\/product"}],"replies":[{"embeddable":true,"href":"https:\/\/abinox-chr-clim.com\/index.php\/wp-json\/wp\/v2\/comments?post=65551"}],"wp:featuredmedia":[{"embeddable":true,"href":"https:\/\/abinox-chr-clim.com\/index.php\/wp-json\/wp\/v2\/media\/94081"}],"wp:attachment":[{"href":"https:\/\/abinox-chr-clim.com\/index.php\/wp-json\/wp\/v2\/media?parent=65551"}],"wp:term":[{"taxonomy":"product_brand","embeddable":true,"href":"https:\/\/abinox-chr-clim.com\/index.php\/wp-json\/wp\/v2\/product_brand?post=65551"},{"taxonomy":"product_cat","embeddable":true,"href":"https:\/\/abinox-chr-clim.com\/index.php\/wp-json\/wp\/v2\/product_cat?post=65551"},{"taxonomy":"product_tag","embeddable":true,"href":"https:\/\/abinox-chr-clim.com\/index.php\/wp-json\/wp\/v2\/product_tag?post=65551"}],"curies":[{"name":"wp","href":"https:\/\/api.w.org\/{rel}","templated":true}]}}