{"id":65531,"date":"2024-03-22T14:51:23","date_gmt":"2024-03-22T13:51:23","guid":{"rendered":"https:\/\/abinox-chr-clim.com\/index.php\/product\/assiettes-creuses-calottes-vert-bronze-olympia-canvas-23-cm\/"},"modified":"2026-04-15T09:57:24","modified_gmt":"2026-04-15T07:57:24","slug":"assiettes-creuses-calottes-vert-bronze-olympia-canvas-23-cm","status":"publish","type":"product","link":"https:\/\/abinox-chr-clim.com\/index.php\/product\/assiettes-creuses-calottes-vert-bronze-olympia-canvas-23-cm\/","title":{"rendered":"Assiettes creuses calottes vert bronze Olympia Canvas 23 cm"},"content":{"rendered":"<p>Offrez \u00e0 vos plats le cadre qu\u00bfils m\u00e9ritent. Ces assiette profondes au fond plat et large permettent de laisser libre cours \u00e0 la cr\u00e9ation lors du dressage. L&rsquo;aspect mat procure \u00e0 chaque pi\u00e8ce des reflets uniques.<br \/>L&rsquo;aspect mat procure \u00e0 chaque pi\u00e8ce des reflets uniques. Assiette profonde avec un fond plat large, parfaite pour le dressage des plats. Couleurs vives mettant en valeur les aliments. Vaisselle design pour des plats innovants. Fabriqu\u00e9e par des artisans potiers au coeur du Royaume-Uni. Empilable pour un rangement facile. Dessous non \u00e9maill\u00e9 antid\u00e9rapant. Compatible lave-vaisselle.L&rsquo;aspect mat procure \u00e0 chaque pi\u00e8ce des reflets uniques.<\/p>\n<p>Caract\u00e9ristiques :<br \/>Lot : 6.<br \/> Capacit\u00e9 : 60 cl.<br \/> Dimensions : 40(H) x 230(\u00d8)mm.<br \/> Mati\u00e8re : Gr\u00e8s.<br \/> Couleur : Vert.<\/p>\n","protected":false},"excerpt":{"rendered":"<p>Assiettes creuses calottes vert bronze Olympia Canvas 23 cm<\/p>\n","protected":false},"featured_media":94904,"comment_status":"closed","ping_status":"closed","template":"","meta":[],"product_brand":[],"product_cat":[1023,1297,1048,1043],"product_tag":[],"class_list":{"0":"post-65531","1":"product","2":"type-product","3":"status-publish","4":"has-post-thumbnail","6":"product_cat-art-de-la-table","7":"product_cat-non-palettisable","8":"product_cat-olympia-vaisselle","9":"product_cat-vaisselle","10":"product_shipping_class-free-shipping","12":"first","13":"instock","14":"featured","15":"taxable","16":"shipping-taxable","17":"purchasable","18":"product-type-simple"},"_links":{"self":[{"href":"https:\/\/abinox-chr-clim.com\/index.php\/wp-json\/wp\/v2\/product\/65531","targetHints":{"allow":["GET"]}}],"collection":[{"href":"https:\/\/abinox-chr-clim.com\/index.php\/wp-json\/wp\/v2\/product"}],"about":[{"href":"https:\/\/abinox-chr-clim.com\/index.php\/wp-json\/wp\/v2\/types\/product"}],"replies":[{"embeddable":true,"href":"https:\/\/abinox-chr-clim.com\/index.php\/wp-json\/wp\/v2\/comments?post=65531"}],"wp:featuredmedia":[{"embeddable":true,"href":"https:\/\/abinox-chr-clim.com\/index.php\/wp-json\/wp\/v2\/media\/94904"}],"wp:attachment":[{"href":"https:\/\/abinox-chr-clim.com\/index.php\/wp-json\/wp\/v2\/media?parent=65531"}],"wp:term":[{"taxonomy":"product_brand","embeddable":true,"href":"https:\/\/abinox-chr-clim.com\/index.php\/wp-json\/wp\/v2\/product_brand?post=65531"},{"taxonomy":"product_cat","embeddable":true,"href":"https:\/\/abinox-chr-clim.com\/index.php\/wp-json\/wp\/v2\/product_cat?post=65531"},{"taxonomy":"product_tag","embeddable":true,"href":"https:\/\/abinox-chr-clim.com\/index.php\/wp-json\/wp\/v2\/product_tag?post=65531"}],"curies":[{"name":"wp","href":"https:\/\/api.w.org\/{rel}","templated":true}]}}