{"id":65522,"date":"2024-03-22T14:51:20","date_gmt":"2024-03-22T13:51:20","guid":{"rendered":"https:\/\/abinox-chr-clim.com\/index.php\/product\/assiettes-plates-noir-mat-olympia-canvas-18-cm-lot-de-6\/"},"modified":"2026-04-02T09:44:00","modified_gmt":"2026-04-02T07:44:00","slug":"assiettes-plates-noir-mat-olympia-canvas-18-cm-lot-de-6","status":"publish","type":"product","link":"https:\/\/abinox-chr-clim.com\/index.php\/product\/assiettes-plates-noir-mat-olympia-canvas-18-cm-lot-de-6\/","title":{"rendered":"Assiettes plates noir mat Olympia Canvas 18 cm  (Lot de 6)"},"content":{"rendered":"<p>L&rsquo;aspect mat procure \u00e0 chaque pi\u00e8ce des reflets uniques. Finition en relief pour ajouter de la texture \u00e0 vos assiettes. Couleurs vives mettant en valeur les aliments. Vaisselle design pour des plats innovants. Cercles concentriques qui attirent le regard au centre. Fabriqu\u00e9e par des artisans potiers au coeur du Royaume-Uni. Empilable pour un rangement facile. Dessous non \u00e9maill\u00e9 antid\u00e9rapant. Compatible lave-vaisselle.L&rsquo;aspect mat procure \u00e0 chaque pi\u00e8ce des reflets uniques.<\/p>\n<p>Caract\u00e9ristiques :<br \/>Lot : 6.<br \/> Dimensions : 20(H) x 180(\u00d8)mm.<br \/> Mati\u00e8re : Gr\u00e8s<\/p>\n","protected":false},"excerpt":{"rendered":"<p>Assiettes plates noir mat Olympia Canvas 18 cm  (Lot de 6)<\/p>\n","protected":false},"featured_media":94957,"comment_status":"closed","ping_status":"closed","template":"","meta":[],"product_brand":[],"product_cat":[1023,1297,1048,1043],"product_tag":[],"class_list":{"0":"post-65522","1":"product","2":"type-product","3":"status-publish","4":"has-post-thumbnail","6":"product_cat-art-de-la-table","7":"product_cat-non-palettisable","8":"product_cat-olympia-vaisselle","9":"product_cat-vaisselle","10":"product_shipping_class-free-shipping","12":"first","13":"instock","14":"featured","15":"taxable","16":"shipping-taxable","17":"purchasable","18":"product-type-simple"},"_links":{"self":[{"href":"https:\/\/abinox-chr-clim.com\/index.php\/wp-json\/wp\/v2\/product\/65522","targetHints":{"allow":["GET"]}}],"collection":[{"href":"https:\/\/abinox-chr-clim.com\/index.php\/wp-json\/wp\/v2\/product"}],"about":[{"href":"https:\/\/abinox-chr-clim.com\/index.php\/wp-json\/wp\/v2\/types\/product"}],"replies":[{"embeddable":true,"href":"https:\/\/abinox-chr-clim.com\/index.php\/wp-json\/wp\/v2\/comments?post=65522"}],"wp:featuredmedia":[{"embeddable":true,"href":"https:\/\/abinox-chr-clim.com\/index.php\/wp-json\/wp\/v2\/media\/94957"}],"wp:attachment":[{"href":"https:\/\/abinox-chr-clim.com\/index.php\/wp-json\/wp\/v2\/media?parent=65522"}],"wp:term":[{"taxonomy":"product_brand","embeddable":true,"href":"https:\/\/abinox-chr-clim.com\/index.php\/wp-json\/wp\/v2\/product_brand?post=65522"},{"taxonomy":"product_cat","embeddable":true,"href":"https:\/\/abinox-chr-clim.com\/index.php\/wp-json\/wp\/v2\/product_cat?post=65522"},{"taxonomy":"product_tag","embeddable":true,"href":"https:\/\/abinox-chr-clim.com\/index.php\/wp-json\/wp\/v2\/product_tag?post=65522"}],"curies":[{"name":"wp","href":"https:\/\/api.w.org\/{rel}","templated":true}]}}