{"id":65509,"date":"2024-03-22T14:51:15","date_gmt":"2024-03-22T13:51:15","guid":{"rendered":"https:\/\/abinox-chr-clim.com\/index.php\/product\/assiettes-bord-sureleve-heritage-olympia-jaunes-253mm-lot-de-4\/"},"modified":"2026-04-24T10:42:56","modified_gmt":"2026-04-24T08:42:56","slug":"assiettes-bord-sureleve-heritage-olympia-jaunes-253mm-lot-de-4","status":"publish","type":"product","link":"https:\/\/abinox-chr-clim.com\/index.php\/product\/assiettes-bord-sureleve-heritage-olympia-jaunes-253mm-lot-de-4\/","title":{"rendered":"Assiettes bord sur\u00e9lev\u00e9 Heritage Olympia jaunes 253mm (lot de 4)"},"content":{"rendered":"<p>La gamme Heritage Olympia est sp\u00e9cialement con\u00e7ue pour aider les personnes \u00e2g\u00e9es et les personnes \u00e0 mobilit\u00e9 r\u00e9duite, parfaite pour une utilisation dans les \u00e9tablissements de sant\u00e9. Des \u00e9tudes ont montr\u00e9 que les couleurs vives aident les utilisateurs \u00e0 identifier les aliments, tandis que d&rsquo;autres caract\u00e9ristiques telles que les tasses \u00e0 double poign\u00e9e et les soucoupes \u00e0 double puits am\u00e9liorent \u00e9galement la stabilit\u00e9.<br \/>Surface : 192 mm (\u00d8). Poids 0,875 kg pour la stabilit\u00e9. Forme : ronde. Sp\u00e9cialement con\u00e7ue pour une utilisation en \u00e9tablissement de soins. Forme profonde pour une collecte facile. Bord relev\u00e9 pour mieux contenir les aliments. Coloris bleu pour un rep\u00e9rage facile par les patients. Compatible lave-vaisselle, micro-ondes et four.Surface : 192 mm (\u00d8).<\/p>\n<p>Caract\u00e9ristiques :<br \/>Lot : 4.<br \/> Capacit\u00e9 : 400 ml.<br \/> Dimensions : 29(H) x 253(\u00d8) mm.<br \/> Mati\u00e8re : Porcelaine.<br \/> Couleur : Jaune.<\/p>\n","protected":false},"excerpt":{"rendered":"<p>Assiettes bord sur\u00e9lev\u00e9 Heritage Olympia jaunes 253mm (lot de 4)<\/p>\n","protected":false},"featured_media":93432,"comment_status":"closed","ping_status":"closed","template":"","meta":[],"product_brand":[],"product_cat":[1023,1297,1048,1043],"product_tag":[],"class_list":{"0":"post-65509","1":"product","2":"type-product","3":"status-publish","4":"has-post-thumbnail","6":"product_cat-art-de-la-table","7":"product_cat-non-palettisable","8":"product_cat-olympia-vaisselle","9":"product_cat-vaisselle","10":"product_shipping_class-free-shipping","12":"first","13":"instock","14":"featured","15":"taxable","16":"shipping-taxable","17":"purchasable","18":"product-type-simple"},"_links":{"self":[{"href":"https:\/\/abinox-chr-clim.com\/index.php\/wp-json\/wp\/v2\/product\/65509","targetHints":{"allow":["GET"]}}],"collection":[{"href":"https:\/\/abinox-chr-clim.com\/index.php\/wp-json\/wp\/v2\/product"}],"about":[{"href":"https:\/\/abinox-chr-clim.com\/index.php\/wp-json\/wp\/v2\/types\/product"}],"replies":[{"embeddable":true,"href":"https:\/\/abinox-chr-clim.com\/index.php\/wp-json\/wp\/v2\/comments?post=65509"}],"wp:featuredmedia":[{"embeddable":true,"href":"https:\/\/abinox-chr-clim.com\/index.php\/wp-json\/wp\/v2\/media\/93432"}],"wp:attachment":[{"href":"https:\/\/abinox-chr-clim.com\/index.php\/wp-json\/wp\/v2\/media?parent=65509"}],"wp:term":[{"taxonomy":"product_brand","embeddable":true,"href":"https:\/\/abinox-chr-clim.com\/index.php\/wp-json\/wp\/v2\/product_brand?post=65509"},{"taxonomy":"product_cat","embeddable":true,"href":"https:\/\/abinox-chr-clim.com\/index.php\/wp-json\/wp\/v2\/product_cat?post=65509"},{"taxonomy":"product_tag","embeddable":true,"href":"https:\/\/abinox-chr-clim.com\/index.php\/wp-json\/wp\/v2\/product_tag?post=65509"}],"curies":[{"name":"wp","href":"https:\/\/api.w.org\/{rel}","templated":true}]}}