{"id":65495,"date":"2024-03-22T14:51:11","date_gmt":"2024-03-22T13:51:11","guid":{"rendered":"https:\/\/abinox-chr-clim.com\/index.php\/product\/assiettes-plates-verte-chia-olympia-205-cm-x6\/"},"modified":"2025-06-30T11:04:33","modified_gmt":"2025-06-30T09:04:33","slug":"assiettes-plates-verte-chia-olympia-205-cm-x6","status":"publish","type":"product","link":"https:\/\/abinox-chr-clim.com\/index.php\/product\/assiettes-plates-verte-chia-olympia-205-cm-x6\/","title":{"rendered":"Assiettes plates verte Chia Olympia 20,5 cm (x6)"},"content":{"rendered":"<p>Avec ses bords irr\u00e9guliers uniques, la collection en porcelaine Chia poss\u00e8de un charme artisanal. Subtilement color\u00e9e, chaque pi\u00e8ce ajoute une touche minimaliste \u00e0 la fois simple et \u00e9l\u00e9gante \u00e0 vos tables. Dot\u00e9e d&rsquo;un bord blanc encadrant parfaitement vos plats, cette collection est le moyen sobre de donner vie \u00e0 vos plats.<br \/>Bord ondul\u00e9 pour une apparence rustique et fait main. Compatible lave-vaisselle. Garantie anti \u00e9br\u00e9chures. Coloris vert, sable et gris disponibles.  Bord ondul\u00e9 pour une apparence rustique et fait main.<\/p>\n<p>Caract\u00e9ristiques :<br \/>Lot : 6.<br \/> Dimensions : 27(H) x 205(\u00d8) mm.<br \/> Mati\u00e8re : Porcelaine.<br \/> Couleur : Vert.<\/p>\n","protected":false},"excerpt":{"rendered":"<p>Assiettes plates verte Chia Olympia 20,5 cm (x6)<\/p>\n","protected":false},"featured_media":103028,"comment_status":"closed","ping_status":"closed","template":"","meta":[],"product_brand":[],"product_cat":[1023,1297,1048,1043],"product_tag":[],"class_list":{"0":"post-65495","1":"product","2":"type-product","3":"status-publish","4":"has-post-thumbnail","6":"product_cat-art-de-la-table","7":"product_cat-non-palettisable","8":"product_cat-olympia-vaisselle","9":"product_cat-vaisselle","10":"product_shipping_class-free-shipping","12":"first","13":"outofstock","14":"featured","15":"taxable","16":"shipping-taxable","17":"purchasable","18":"product-type-simple"},"_links":{"self":[{"href":"https:\/\/abinox-chr-clim.com\/index.php\/wp-json\/wp\/v2\/product\/65495","targetHints":{"allow":["GET"]}}],"collection":[{"href":"https:\/\/abinox-chr-clim.com\/index.php\/wp-json\/wp\/v2\/product"}],"about":[{"href":"https:\/\/abinox-chr-clim.com\/index.php\/wp-json\/wp\/v2\/types\/product"}],"replies":[{"embeddable":true,"href":"https:\/\/abinox-chr-clim.com\/index.php\/wp-json\/wp\/v2\/comments?post=65495"}],"wp:featuredmedia":[{"embeddable":true,"href":"https:\/\/abinox-chr-clim.com\/index.php\/wp-json\/wp\/v2\/media\/103028"}],"wp:attachment":[{"href":"https:\/\/abinox-chr-clim.com\/index.php\/wp-json\/wp\/v2\/media?parent=65495"}],"wp:term":[{"taxonomy":"product_brand","embeddable":true,"href":"https:\/\/abinox-chr-clim.com\/index.php\/wp-json\/wp\/v2\/product_brand?post=65495"},{"taxonomy":"product_cat","embeddable":true,"href":"https:\/\/abinox-chr-clim.com\/index.php\/wp-json\/wp\/v2\/product_cat?post=65495"},{"taxonomy":"product_tag","embeddable":true,"href":"https:\/\/abinox-chr-clim.com\/index.php\/wp-json\/wp\/v2\/product_tag?post=65495"}],"curies":[{"name":"wp","href":"https:\/\/api.w.org\/{rel}","templated":true}]}}