{"id":65492,"date":"2024-03-22T14:51:10","date_gmt":"2024-03-22T13:51:10","guid":{"rendered":"https:\/\/abinox-chr-clim.com\/index.php\/product\/saladiers-sable-birch-olympia-205-cm-x6\/"},"modified":"2025-06-30T11:00:00","modified_gmt":"2025-06-30T09:00:00","slug":"saladiers-sable-birch-olympia-205-cm-x6","status":"publish","type":"product","link":"https:\/\/abinox-chr-clim.com\/index.php\/product\/saladiers-sable-birch-olympia-205-cm-x6\/","title":{"rendered":"Saladiers sable Birch Olympia 20,5 cm (x6)"},"content":{"rendered":"<p>Finition vernis brillant. Bord large incurv\u00e9 unique. Compatible lave-vaisselle. Garantie contre les \u00e9br\u00e9chures. Finition vernis brillant.<\/p>\n<p>Caract\u00e9ristiques :<br \/>Lot : 6.<br \/> Capacit\u00e9 : 580 ml.<br \/> Dimensions : 208(\u00d8) mm.<br \/> Mati\u00e8re : Gr\u00e8s.<br \/> Couleur : Taupe.<\/p>\n","protected":false},"excerpt":{"rendered":"<p>Saladiers sable Birch Olympia 20,5 cm (x6)<\/p>\n","protected":false},"featured_media":91189,"comment_status":"closed","ping_status":"closed","template":"","meta":[],"product_brand":[],"product_cat":[1023,1297,1048,1043],"product_tag":[],"class_list":{"0":"post-65492","1":"product","2":"type-product","3":"status-publish","4":"has-post-thumbnail","6":"product_cat-art-de-la-table","7":"product_cat-non-palettisable","8":"product_cat-olympia-vaisselle","9":"product_cat-vaisselle","10":"product_shipping_class-free-shipping","12":"first","13":"outofstock","14":"featured","15":"taxable","16":"shipping-taxable","17":"purchasable","18":"product-type-simple"},"_links":{"self":[{"href":"https:\/\/abinox-chr-clim.com\/index.php\/wp-json\/wp\/v2\/product\/65492","targetHints":{"allow":["GET"]}}],"collection":[{"href":"https:\/\/abinox-chr-clim.com\/index.php\/wp-json\/wp\/v2\/product"}],"about":[{"href":"https:\/\/abinox-chr-clim.com\/index.php\/wp-json\/wp\/v2\/types\/product"}],"replies":[{"embeddable":true,"href":"https:\/\/abinox-chr-clim.com\/index.php\/wp-json\/wp\/v2\/comments?post=65492"}],"wp:featuredmedia":[{"embeddable":true,"href":"https:\/\/abinox-chr-clim.com\/index.php\/wp-json\/wp\/v2\/media\/91189"}],"wp:attachment":[{"href":"https:\/\/abinox-chr-clim.com\/index.php\/wp-json\/wp\/v2\/media?parent=65492"}],"wp:term":[{"taxonomy":"product_brand","embeddable":true,"href":"https:\/\/abinox-chr-clim.com\/index.php\/wp-json\/wp\/v2\/product_brand?post=65492"},{"taxonomy":"product_cat","embeddable":true,"href":"https:\/\/abinox-chr-clim.com\/index.php\/wp-json\/wp\/v2\/product_cat?post=65492"},{"taxonomy":"product_tag","embeddable":true,"href":"https:\/\/abinox-chr-clim.com\/index.php\/wp-json\/wp\/v2\/product_tag?post=65492"}],"curies":[{"name":"wp","href":"https:\/\/api.w.org\/{rel}","templated":true}]}}