{"id":65467,"date":"2024-03-22T14:51:01","date_gmt":"2024-03-22T13:51:01","guid":{"rendered":"https:\/\/abinox-chr-clim.com\/index.php\/product\/plats-a-gratin-ovales-blancs-olympia-161-x-116mm-lot-de-6\/"},"modified":"2026-04-24T08:58:35","modified_gmt":"2026-04-24T06:58:35","slug":"plats-a-gratin-ovales-blancs-olympia-161-x-116mm-lot-de-6","status":"publish","type":"product","link":"https:\/\/abinox-chr-clim.com\/index.php\/product\/plats-a-gratin-ovales-blancs-olympia-161-x-116mm-lot-de-6\/","title":{"rendered":"Plats \u00e0 gratin ovales blancs Olympia 161 x 116mm (Lot de 6)"},"content":{"rendered":"<p>Ces plats polyvalents, durable et r\u00e9sistants aux \u00e9clats peuvent \u00eatre utilis\u00e9s directement du four \u00e0 la table pour faciliter et soigner le service et la pr\u00e9sentation. Four, micro-ondes, cong\u00e9lateur et lave-vaisselle.<br \/>Enti\u00e8rement vitrifi\u00e9e.Bords r\u00e9sistant aux \u00e9clats.R\u00e9siste au cong\u00e9lateur.R\u00e9siste au four.R\u00e9siste au micro-ondes.R\u00e9siste au lave-vaisselle.  A assortir avec les produits en porcelaine blanche de la gamme Olympia. Cet article b\u00e9n\u00e9ficie de notre garantie \u00e0 vie contre les \u00e9br\u00e9chures. Enti\u00e8rement vitrifi\u00e9e. .<br \/> Caract\u00e9ristiques :<br \/>Lot : 6.<br \/> Dimensions : 50(H) x 154(L) x 110(P) mm.<br \/> Mati\u00e8re : Porcelaine.<br \/> Couleur : Blanc.<\/p>\n","protected":false},"excerpt":{"rendered":"<p>Plats \u00e0 gratin ovales blancs Olympia 161 x 116mm (Lot de 6)<\/p>\n","protected":false},"featured_media":89737,"comment_status":"closed","ping_status":"closed","template":"","meta":[],"product_brand":[],"product_cat":[1023,1297,1048,1043],"product_tag":[],"class_list":{"0":"post-65467","1":"product","2":"type-product","3":"status-publish","4":"has-post-thumbnail","6":"product_cat-art-de-la-table","7":"product_cat-non-palettisable","8":"product_cat-olympia-vaisselle","9":"product_cat-vaisselle","10":"product_shipping_class-free-shipping","12":"first","13":"instock","14":"featured","15":"taxable","16":"shipping-taxable","17":"purchasable","18":"product-type-simple"},"_links":{"self":[{"href":"https:\/\/abinox-chr-clim.com\/index.php\/wp-json\/wp\/v2\/product\/65467","targetHints":{"allow":["GET"]}}],"collection":[{"href":"https:\/\/abinox-chr-clim.com\/index.php\/wp-json\/wp\/v2\/product"}],"about":[{"href":"https:\/\/abinox-chr-clim.com\/index.php\/wp-json\/wp\/v2\/types\/product"}],"replies":[{"embeddable":true,"href":"https:\/\/abinox-chr-clim.com\/index.php\/wp-json\/wp\/v2\/comments?post=65467"}],"wp:featuredmedia":[{"embeddable":true,"href":"https:\/\/abinox-chr-clim.com\/index.php\/wp-json\/wp\/v2\/media\/89737"}],"wp:attachment":[{"href":"https:\/\/abinox-chr-clim.com\/index.php\/wp-json\/wp\/v2\/media?parent=65467"}],"wp:term":[{"taxonomy":"product_brand","embeddable":true,"href":"https:\/\/abinox-chr-clim.com\/index.php\/wp-json\/wp\/v2\/product_brand?post=65467"},{"taxonomy":"product_cat","embeddable":true,"href":"https:\/\/abinox-chr-clim.com\/index.php\/wp-json\/wp\/v2\/product_cat?post=65467"},{"taxonomy":"product_tag","embeddable":true,"href":"https:\/\/abinox-chr-clim.com\/index.php\/wp-json\/wp\/v2\/product_tag?post=65467"}],"curies":[{"name":"wp","href":"https:\/\/api.w.org\/{rel}","templated":true}]}}