{"id":65465,"date":"2024-03-22T14:51:01","date_gmt":"2024-03-22T13:51:01","guid":{"rendered":"https:\/\/abinox-chr-clim.com\/index.php\/product\/mugs-aroma-olympia-vert-deau-230-ml-lot-de-6\/"},"modified":"2026-04-24T10:04:33","modified_gmt":"2026-04-24T08:04:33","slug":"mugs-aroma-olympia-vert-deau-230-ml-lot-de-6","status":"publish","type":"product","link":"https:\/\/abinox-chr-clim.com\/index.php\/product\/mugs-aroma-olympia-vert-deau-230-ml-lot-de-6\/","title":{"rendered":"Mugs Aroma Olympia vert d&rsquo;eau 230 ml (lot de 6)"},"content":{"rendered":"<p>Ajoutez de la couleur \u00e0 votre service avec ce mug en gr\u00e8s Olympia Cafe Aroma. Passe au four, au micro-ondes et au lave-vaisselle.<br \/>Gr\u00e8s color\u00e9 de qualit\u00e9 professionnelle. Compatible four, micro-ondes et lave-vaisselle. En gr\u00e8s, \u00e0 manipuler avec soin. Associez ou m\u00e9langez les couleurs. Con\u00e7u pour \u00eatre utilis\u00e9 sans soucoupe ou associ\u00e9 au plateau de service en bois CR966. Ce mug n&rsquo;est pas compatible avec les soucoupes de la gamme Caf\u00e9 Olympia.  Gr\u00e8s color\u00e9 de qualit\u00e9 professionnelle.<\/p>\n<p>Caract\u00e9ristiques :<br \/>Lot : 6.<br \/> Dimensions : 73.5(H) x 124.5.<br \/> Mati\u00e8re : Gr\u00e8s.<br \/> Couleur : Eau.<\/p>\n","protected":false},"excerpt":{"rendered":"<p>Mugs Aroma Olympia vert d&rsquo;eau 230 ml (lot de 6)<\/p>\n","protected":false},"featured_media":103043,"comment_status":"closed","ping_status":"closed","template":"","meta":[],"product_brand":[],"product_cat":[1023,1297,1048,1043],"product_tag":[],"class_list":{"0":"post-65465","1":"product","2":"type-product","3":"status-publish","4":"has-post-thumbnail","6":"product_cat-art-de-la-table","7":"product_cat-non-palettisable","8":"product_cat-olympia-vaisselle","9":"product_cat-vaisselle","10":"product_shipping_class-free-shipping","12":"first","13":"instock","14":"featured","15":"taxable","16":"shipping-taxable","17":"purchasable","18":"product-type-simple"},"_links":{"self":[{"href":"https:\/\/abinox-chr-clim.com\/index.php\/wp-json\/wp\/v2\/product\/65465","targetHints":{"allow":["GET"]}}],"collection":[{"href":"https:\/\/abinox-chr-clim.com\/index.php\/wp-json\/wp\/v2\/product"}],"about":[{"href":"https:\/\/abinox-chr-clim.com\/index.php\/wp-json\/wp\/v2\/types\/product"}],"replies":[{"embeddable":true,"href":"https:\/\/abinox-chr-clim.com\/index.php\/wp-json\/wp\/v2\/comments?post=65465"}],"wp:featuredmedia":[{"embeddable":true,"href":"https:\/\/abinox-chr-clim.com\/index.php\/wp-json\/wp\/v2\/media\/103043"}],"wp:attachment":[{"href":"https:\/\/abinox-chr-clim.com\/index.php\/wp-json\/wp\/v2\/media?parent=65465"}],"wp:term":[{"taxonomy":"product_brand","embeddable":true,"href":"https:\/\/abinox-chr-clim.com\/index.php\/wp-json\/wp\/v2\/product_brand?post=65465"},{"taxonomy":"product_cat","embeddable":true,"href":"https:\/\/abinox-chr-clim.com\/index.php\/wp-json\/wp\/v2\/product_cat?post=65465"},{"taxonomy":"product_tag","embeddable":true,"href":"https:\/\/abinox-chr-clim.com\/index.php\/wp-json\/wp\/v2\/product_tag?post=65465"}],"curies":[{"name":"wp","href":"https:\/\/api.w.org\/{rel}","templated":true}]}}