{"id":65453,"date":"2024-03-22T14:50:56","date_gmt":"2024-03-22T13:50:56","guid":{"rendered":"https:\/\/abinox-chr-clim.com\/index.php\/product\/soucoupes-triangulaires-olympia-mineral-150mm\/"},"modified":"2025-10-21T12:02:18","modified_gmt":"2025-10-21T10:02:18","slug":"soucoupes-triangulaires-olympia-mineral-150mm","status":"publish","type":"product","link":"https:\/\/abinox-chr-clim.com\/index.php\/product\/soucoupes-triangulaires-olympia-mineral-150mm\/","title":{"rendered":"Soucoupes triangulaires Olympia Mineral 150mm"},"content":{"rendered":"<p>Style authentique et dans l&rsquo;air du temps. Durable et r\u00e9sistant aux rigueurs d&rsquo;un usage quotidien. Porcelaine vitrifi\u00e9e non poreuse. Bords peints \u00e0 la main. Bords irr\u00e9guliers donnant \u00e0 chaque pi\u00e8ce un caract\u00e8re unique. Adapt\u00e9e \u00e0 la tasse DF179. Compatible lave-vaisselle, micro-ondes et four. B\u00e9n\u00e9ficie de la garantie \u00e0 vie contre les \u00e9br\u00e9chures Olympia. Style authentique et dans l&rsquo;air du temps.<\/p>\n<p>Caract\u00e9ristiques :<br \/>Lot : 6.<br \/> Dimensions : 15(H) x 150(\u00d8)mm.<br \/> Mati\u00e8re : Porcelaine.<br \/> Couleur : Gris.<\/p>\n","protected":false},"excerpt":{"rendered":"<p>Soucoupes triangulaires Olympia Mineral 150mm<\/p>\n","protected":false},"featured_media":102952,"comment_status":"closed","ping_status":"closed","template":"","meta":[],"product_brand":[],"product_cat":[1023,1297,1048,1043],"product_tag":[],"class_list":{"0":"post-65453","1":"product","2":"type-product","3":"status-publish","4":"has-post-thumbnail","6":"product_cat-art-de-la-table","7":"product_cat-non-palettisable","8":"product_cat-olympia-vaisselle","9":"product_cat-vaisselle","10":"product_shipping_class-free-shipping","12":"first","13":"outofstock","14":"featured","15":"taxable","16":"shipping-taxable","17":"purchasable","18":"product-type-simple"},"_links":{"self":[{"href":"https:\/\/abinox-chr-clim.com\/index.php\/wp-json\/wp\/v2\/product\/65453","targetHints":{"allow":["GET"]}}],"collection":[{"href":"https:\/\/abinox-chr-clim.com\/index.php\/wp-json\/wp\/v2\/product"}],"about":[{"href":"https:\/\/abinox-chr-clim.com\/index.php\/wp-json\/wp\/v2\/types\/product"}],"replies":[{"embeddable":true,"href":"https:\/\/abinox-chr-clim.com\/index.php\/wp-json\/wp\/v2\/comments?post=65453"}],"wp:featuredmedia":[{"embeddable":true,"href":"https:\/\/abinox-chr-clim.com\/index.php\/wp-json\/wp\/v2\/media\/102952"}],"wp:attachment":[{"href":"https:\/\/abinox-chr-clim.com\/index.php\/wp-json\/wp\/v2\/media?parent=65453"}],"wp:term":[{"taxonomy":"product_brand","embeddable":true,"href":"https:\/\/abinox-chr-clim.com\/index.php\/wp-json\/wp\/v2\/product_brand?post=65453"},{"taxonomy":"product_cat","embeddable":true,"href":"https:\/\/abinox-chr-clim.com\/index.php\/wp-json\/wp\/v2\/product_cat?post=65453"},{"taxonomy":"product_tag","embeddable":true,"href":"https:\/\/abinox-chr-clim.com\/index.php\/wp-json\/wp\/v2\/product_tag?post=65453"}],"curies":[{"name":"wp","href":"https:\/\/api.w.org\/{rel}","templated":true}]}}