{"id":65444,"date":"2024-03-22T14:50:54","date_gmt":"2024-03-22T13:50:54","guid":{"rendered":"https:\/\/abinox-chr-clim.com\/index.php\/product\/assiettes-carrees-olympia-mineral-265mm\/"},"modified":"2026-02-18T09:40:49","modified_gmt":"2026-02-18T08:40:49","slug":"assiettes-carrees-olympia-mineral-265mm","status":"publish","type":"product","link":"https:\/\/abinox-chr-clim.com\/index.php\/product\/assiettes-carrees-olympia-mineral-265mm\/","title":{"rendered":"Assiettes carr\u00e9es Olympia Mineral 265mm"},"content":{"rendered":"<p>Bords nets et droits pour une belle pr\u00e9sentation. Le fond gris mouchet\u00e9 fait ressortir et sublime les aliments. Effet granite. Vaisselle \u00e9maill\u00e9e donc non poreuse. Id\u00e9al pour des portions individuelles ou un assortiment de mets \u00e0 partager. A associer avec d&rsquo;autres pi\u00e8ces de la gamme. Compatible lave-vaisselle, micro-ondes et four.Garantie \u00e0 vie contre les \u00e9br\u00e9chures. Bords nets et droits pour une belle pr\u00e9sentation.<\/p>\n<p>Caract\u00e9ristiques :<br \/>Lot : 4.<br \/> Dimensions : 25(H) x 265(L) x 265(P) mm.<br \/> Mati\u00e8re : Porcelaine.<br \/> Couleur : Gris.<\/p>\n","protected":false},"excerpt":{"rendered":"<p>Assiettes carr\u00e9es Olympia Mineral 265mm<\/p>\n","protected":false},"featured_media":90231,"comment_status":"closed","ping_status":"closed","template":"","meta":[],"product_brand":[],"product_cat":[1023,1297,1048,1043],"product_tag":[],"class_list":{"0":"post-65444","1":"product","2":"type-product","3":"status-publish","4":"has-post-thumbnail","6":"product_cat-art-de-la-table","7":"product_cat-non-palettisable","8":"product_cat-olympia-vaisselle","9":"product_cat-vaisselle","10":"product_shipping_class-free-shipping","12":"first","13":"outofstock","14":"featured","15":"taxable","16":"shipping-taxable","17":"purchasable","18":"product-type-simple"},"_links":{"self":[{"href":"https:\/\/abinox-chr-clim.com\/index.php\/wp-json\/wp\/v2\/product\/65444","targetHints":{"allow":["GET"]}}],"collection":[{"href":"https:\/\/abinox-chr-clim.com\/index.php\/wp-json\/wp\/v2\/product"}],"about":[{"href":"https:\/\/abinox-chr-clim.com\/index.php\/wp-json\/wp\/v2\/types\/product"}],"replies":[{"embeddable":true,"href":"https:\/\/abinox-chr-clim.com\/index.php\/wp-json\/wp\/v2\/comments?post=65444"}],"wp:featuredmedia":[{"embeddable":true,"href":"https:\/\/abinox-chr-clim.com\/index.php\/wp-json\/wp\/v2\/media\/90231"}],"wp:attachment":[{"href":"https:\/\/abinox-chr-clim.com\/index.php\/wp-json\/wp\/v2\/media?parent=65444"}],"wp:term":[{"taxonomy":"product_brand","embeddable":true,"href":"https:\/\/abinox-chr-clim.com\/index.php\/wp-json\/wp\/v2\/product_brand?post=65444"},{"taxonomy":"product_cat","embeddable":true,"href":"https:\/\/abinox-chr-clim.com\/index.php\/wp-json\/wp\/v2\/product_cat?post=65444"},{"taxonomy":"product_tag","embeddable":true,"href":"https:\/\/abinox-chr-clim.com\/index.php\/wp-json\/wp\/v2\/product_tag?post=65444"}],"curies":[{"name":"wp","href":"https:\/\/api.w.org\/{rel}","templated":true}]}}