{"id":65437,"date":"2024-03-22T14:50:51","date_gmt":"2024-03-22T13:50:51","guid":{"rendered":"https:\/\/abinox-chr-clim.com\/index.php\/product\/mugs-en-acier-emaille-bleu-et-noir-olympia-350ml\/"},"modified":"2026-04-15T09:47:00","modified_gmt":"2026-04-15T07:47:00","slug":"mugs-en-acier-emaille-bleu-et-noir-olympia-350ml","status":"publish","type":"product","link":"https:\/\/abinox-chr-clim.com\/index.php\/product\/mugs-en-acier-emaille-bleu-et-noir-olympia-350ml\/","title":{"rendered":"Mugs en acier \u00e9maill\u00e9 bleu et noir Olympia 350ml"},"content":{"rendered":"<p>. Mati\u00e8re r\u00e9sistante. Rev\u00eatement vitrifi\u00e9 pour un aspect lisse. R\u00e9sistant \u00e0 la chaleur et aux produits nettoyants : ces mugs sont compatibles four et lave-vaisselle. Chaque article saura acqu\u00e9rir son propre caract\u00e8re au fil d&rsquo;un usage r\u00e9p\u00e9t\u00e9. Compatible four. .<br \/> Caract\u00e9ristiques :<br \/>Lot : 6.<br \/> Capacit\u00e9 : 350ml.<br \/> Dimensions : 80(H) x 90(\u00d8)mm.<br \/> Mati\u00e8re : Acier \u00e9maill\u00e9.<br \/> Couleur : Noir et bleu.<\/p>\n","protected":false},"excerpt":{"rendered":"<p>Mugs en acier \u00e9maill\u00e9 bleu et noir Olympia 350ml<\/p>\n","protected":false},"featured_media":102935,"comment_status":"closed","ping_status":"closed","template":"","meta":[],"product_brand":[],"product_cat":[1023,1297,1048,1043],"product_tag":[],"class_list":{"0":"post-65437","1":"product","2":"type-product","3":"status-publish","4":"has-post-thumbnail","6":"product_cat-art-de-la-table","7":"product_cat-non-palettisable","8":"product_cat-olympia-vaisselle","9":"product_cat-vaisselle","10":"product_shipping_class-free-shipping","12":"first","13":"outofstock","14":"featured","15":"taxable","16":"shipping-taxable","17":"purchasable","18":"product-type-simple"},"_links":{"self":[{"href":"https:\/\/abinox-chr-clim.com\/index.php\/wp-json\/wp\/v2\/product\/65437","targetHints":{"allow":["GET"]}}],"collection":[{"href":"https:\/\/abinox-chr-clim.com\/index.php\/wp-json\/wp\/v2\/product"}],"about":[{"href":"https:\/\/abinox-chr-clim.com\/index.php\/wp-json\/wp\/v2\/types\/product"}],"replies":[{"embeddable":true,"href":"https:\/\/abinox-chr-clim.com\/index.php\/wp-json\/wp\/v2\/comments?post=65437"}],"wp:featuredmedia":[{"embeddable":true,"href":"https:\/\/abinox-chr-clim.com\/index.php\/wp-json\/wp\/v2\/media\/102935"}],"wp:attachment":[{"href":"https:\/\/abinox-chr-clim.com\/index.php\/wp-json\/wp\/v2\/media?parent=65437"}],"wp:term":[{"taxonomy":"product_brand","embeddable":true,"href":"https:\/\/abinox-chr-clim.com\/index.php\/wp-json\/wp\/v2\/product_brand?post=65437"},{"taxonomy":"product_cat","embeddable":true,"href":"https:\/\/abinox-chr-clim.com\/index.php\/wp-json\/wp\/v2\/product_cat?post=65437"},{"taxonomy":"product_tag","embeddable":true,"href":"https:\/\/abinox-chr-clim.com\/index.php\/wp-json\/wp\/v2\/product_tag?post=65437"}],"curies":[{"name":"wp","href":"https:\/\/api.w.org\/{rel}","templated":true}]}}