{"id":65433,"date":"2024-03-22T14:50:50","date_gmt":"2024-03-22T13:50:50","guid":{"rendered":"https:\/\/abinox-chr-clim.com\/index.php\/product\/pot-a-sauce-en-acier-emaille-bleu-et-blanc-olympia-114ml\/"},"modified":"2026-04-02T09:34:21","modified_gmt":"2026-04-02T07:34:21","slug":"pot-a-sauce-en-acier-emaille-bleu-et-blanc-olympia-114ml","status":"publish","type":"product","link":"https:\/\/abinox-chr-clim.com\/index.php\/product\/pot-a-sauce-en-acier-emaille-bleu-et-blanc-olympia-114ml\/","title":{"rendered":"Pot \u00e0 sauce en acier \u00e9maill\u00e9 bleu et blanc Olympia 114ml"},"content":{"rendered":"<p>Une fa\u00e7on unique et attrayante de d\u00e9guster sauces et condiments. Blanc avec bordure de couleur bleue : un design simple avec une touche de couleur. Ajoute une touche r\u00e9tro \u00e0 vos plats. R\u00e9sistant pour une longue dur\u00e9e de vie dans votre \u00e9tablissement. Compatible four.Une fa\u00e7on unique et attrayante de d\u00e9guster sauces et condiments.<\/p>\n<p>Caract\u00e9ristiques :<br \/>Lot : 6.<br \/> Capacit\u00e9 : 11,4 cl.<br \/> Dimensions : 60(H) x 65(\u00d8) mm.<br \/> Mati\u00e8re : Acier \u00e9maill\u00e9.<br \/> Couleur : Blanc et bleu.<\/p>\n","protected":false},"excerpt":{"rendered":"<p>Pot \u00e0 sauce en acier \u00e9maill\u00e9 bleu et blanc Olympia 114ml<\/p>\n","protected":false},"featured_media":90721,"comment_status":"closed","ping_status":"closed","template":"","meta":[],"product_brand":[],"product_cat":[1023,1297,1048,1043],"product_tag":[],"class_list":{"0":"post-65433","1":"product","2":"type-product","3":"status-publish","4":"has-post-thumbnail","6":"product_cat-art-de-la-table","7":"product_cat-non-palettisable","8":"product_cat-olympia-vaisselle","9":"product_cat-vaisselle","10":"product_shipping_class-free-shipping","12":"first","13":"instock","14":"featured","15":"taxable","16":"shipping-taxable","17":"purchasable","18":"product-type-simple"},"_links":{"self":[{"href":"https:\/\/abinox-chr-clim.com\/index.php\/wp-json\/wp\/v2\/product\/65433","targetHints":{"allow":["GET"]}}],"collection":[{"href":"https:\/\/abinox-chr-clim.com\/index.php\/wp-json\/wp\/v2\/product"}],"about":[{"href":"https:\/\/abinox-chr-clim.com\/index.php\/wp-json\/wp\/v2\/types\/product"}],"replies":[{"embeddable":true,"href":"https:\/\/abinox-chr-clim.com\/index.php\/wp-json\/wp\/v2\/comments?post=65433"}],"wp:featuredmedia":[{"embeddable":true,"href":"https:\/\/abinox-chr-clim.com\/index.php\/wp-json\/wp\/v2\/media\/90721"}],"wp:attachment":[{"href":"https:\/\/abinox-chr-clim.com\/index.php\/wp-json\/wp\/v2\/media?parent=65433"}],"wp:term":[{"taxonomy":"product_brand","embeddable":true,"href":"https:\/\/abinox-chr-clim.com\/index.php\/wp-json\/wp\/v2\/product_brand?post=65433"},{"taxonomy":"product_cat","embeddable":true,"href":"https:\/\/abinox-chr-clim.com\/index.php\/wp-json\/wp\/v2\/product_cat?post=65433"},{"taxonomy":"product_tag","embeddable":true,"href":"https:\/\/abinox-chr-clim.com\/index.php\/wp-json\/wp\/v2\/product_tag?post=65433"}],"curies":[{"name":"wp","href":"https:\/\/api.w.org\/{rel}","templated":true}]}}