{"id":65429,"date":"2024-03-22T14:50:48","date_gmt":"2024-03-22T13:50:48","guid":{"rendered":"https:\/\/abinox-chr-clim.com\/index.php\/product\/mugs-aroma-olympia-cafe-noirs-230ml-lot-de-6\/"},"modified":"2026-04-15T10:23:37","modified_gmt":"2026-04-15T08:23:37","slug":"mugs-aroma-olympia-cafe-noirs-230ml-lot-de-6","status":"publish","type":"product","link":"https:\/\/abinox-chr-clim.com\/index.php\/product\/mugs-aroma-olympia-cafe-noirs-230ml-lot-de-6\/","title":{"rendered":"Mugs Aroma Olympia Caf\u00e9 noirs 230ml (lot de 6)"},"content":{"rendered":"<p>De forme et de taille parfaites, ce mug de 230 ml poss\u00e8de des bords ourl\u00e9s pour une plus grande r\u00e9sistance aux \u00e9clats. Le mug passe au micro-ondes et peut \u00eatre nettoy\u00e9 au lave-vaisselle pour un entretien facile.<br \/>Capacit\u00e9 230ml. Fabriqu\u00e9e \u00e0 partir de gr\u00e8s. Passe au four, au micro-ondes et au lave-vaisselle. Couleurs \u00e0 m\u00e9langer et assortir. Couleur : Noir et blanc. Poids : 0,28kg.Bords ourl\u00e9s et r\u00e9sistants aux \u00e9clats. Capacit\u00e9 230ml.<\/p>\n<p>Caract\u00e9ristiques :<br \/>Lot : 6.<br \/> Dimensions : 75(H) x 93(L) x 126(P)mm.<br \/> Mati\u00e8re : Gr\u00e8s.<br \/> Couleur : Noir et blanc.<\/p>\n","protected":false},"excerpt":{"rendered":"<p>Mugs Aroma Olympia Caf\u00e9 noirs 230ml (lot de 6)<\/p>\n","protected":false},"featured_media":87029,"comment_status":"closed","ping_status":"closed","template":"","meta":[],"product_brand":[],"product_cat":[1023,1297,1048,1043],"product_tag":[],"class_list":{"0":"post-65429","1":"product","2":"type-product","3":"status-publish","4":"has-post-thumbnail","6":"product_cat-art-de-la-table","7":"product_cat-non-palettisable","8":"product_cat-olympia-vaisselle","9":"product_cat-vaisselle","10":"product_shipping_class-free-shipping","12":"first","13":"instock","14":"featured","15":"taxable","16":"shipping-taxable","17":"purchasable","18":"product-type-simple"},"_links":{"self":[{"href":"https:\/\/abinox-chr-clim.com\/index.php\/wp-json\/wp\/v2\/product\/65429","targetHints":{"allow":["GET"]}}],"collection":[{"href":"https:\/\/abinox-chr-clim.com\/index.php\/wp-json\/wp\/v2\/product"}],"about":[{"href":"https:\/\/abinox-chr-clim.com\/index.php\/wp-json\/wp\/v2\/types\/product"}],"replies":[{"embeddable":true,"href":"https:\/\/abinox-chr-clim.com\/index.php\/wp-json\/wp\/v2\/comments?post=65429"}],"wp:featuredmedia":[{"embeddable":true,"href":"https:\/\/abinox-chr-clim.com\/index.php\/wp-json\/wp\/v2\/media\/87029"}],"wp:attachment":[{"href":"https:\/\/abinox-chr-clim.com\/index.php\/wp-json\/wp\/v2\/media?parent=65429"}],"wp:term":[{"taxonomy":"product_brand","embeddable":true,"href":"https:\/\/abinox-chr-clim.com\/index.php\/wp-json\/wp\/v2\/product_brand?post=65429"},{"taxonomy":"product_cat","embeddable":true,"href":"https:\/\/abinox-chr-clim.com\/index.php\/wp-json\/wp\/v2\/product_cat?post=65429"},{"taxonomy":"product_tag","embeddable":true,"href":"https:\/\/abinox-chr-clim.com\/index.php\/wp-json\/wp\/v2\/product_tag?post=65429"}],"curies":[{"name":"wp","href":"https:\/\/api.w.org\/{rel}","templated":true}]}}