{"id":65425,"date":"2024-03-22T14:50:47","date_gmt":"2024-03-22T13:50:47","guid":{"rendered":"https:\/\/abinox-chr-clim.com\/index.php\/product\/soucoupes-expresso-olympia-cafe-noires-116mm-lot-de-12\/"},"modified":"2026-04-24T10:40:56","modified_gmt":"2026-04-24T08:40:56","slug":"soucoupes-expresso-olympia-cafe-noires-116mm-lot-de-12","status":"publish","type":"product","link":"https:\/\/abinox-chr-clim.com\/index.php\/product\/soucoupes-expresso-olympia-cafe-noires-116mm-lot-de-12\/","title":{"rendered":"Soucoupes expresso Olympia Caf\u00e9 noires 116mm (lot de 12)"},"content":{"rendered":"<p>\u00c0 utiliser avec les tasses \u00e0 expresso Olympia Caf\u00e9, ces soucoupes sont fabriqu\u00e9es \u00e0 partir de gr\u00e8s de haute qualit\u00e9 avec des bords ourl\u00e9s pour une plus grande r\u00e9sistance aux \u00e9clats. Compatibles lave-vaisselle.<br \/>Dimensions: 116(\u00d8)mm. Fabriqu\u00e9e \u00e0 partir de gr\u00e8s. Passe au four, au micro-ondes et au lave-vaisselle. Couleurs \u00e0 m\u00e9langer et assortir. Couleur : Noir et blanc. Poids : 0,15kg.Bords ourl\u00e9s et r\u00e9sistants aux \u00e9clats. Dimensions: 116(\u00d8)mm.<\/p>\n<p>Caract\u00e9ristiques :<br \/>Lot : 12.<br \/> Dimensions : 20(H) x 116.<br \/> Mati\u00e8re : Gr\u00e8s.<br \/> Couleur : Noir et blanc.<\/p>\n","protected":false},"excerpt":{"rendered":"<p>Soucoupes expresso Olympia Caf\u00e9 noires 116mm (lot de 12)<\/p>\n","protected":false},"featured_media":86980,"comment_status":"closed","ping_status":"closed","template":"","meta":[],"product_brand":[],"product_cat":[1023,1297,1048,1043],"product_tag":[],"class_list":{"0":"post-65425","1":"product","2":"type-product","3":"status-publish","4":"has-post-thumbnail","6":"product_cat-art-de-la-table","7":"product_cat-non-palettisable","8":"product_cat-olympia-vaisselle","9":"product_cat-vaisselle","10":"product_shipping_class-free-shipping","12":"first","13":"instock","14":"featured","15":"taxable","16":"shipping-taxable","17":"purchasable","18":"product-type-simple"},"_links":{"self":[{"href":"https:\/\/abinox-chr-clim.com\/index.php\/wp-json\/wp\/v2\/product\/65425","targetHints":{"allow":["GET"]}}],"collection":[{"href":"https:\/\/abinox-chr-clim.com\/index.php\/wp-json\/wp\/v2\/product"}],"about":[{"href":"https:\/\/abinox-chr-clim.com\/index.php\/wp-json\/wp\/v2\/types\/product"}],"replies":[{"embeddable":true,"href":"https:\/\/abinox-chr-clim.com\/index.php\/wp-json\/wp\/v2\/comments?post=65425"}],"wp:featuredmedia":[{"embeddable":true,"href":"https:\/\/abinox-chr-clim.com\/index.php\/wp-json\/wp\/v2\/media\/86980"}],"wp:attachment":[{"href":"https:\/\/abinox-chr-clim.com\/index.php\/wp-json\/wp\/v2\/media?parent=65425"}],"wp:term":[{"taxonomy":"product_brand","embeddable":true,"href":"https:\/\/abinox-chr-clim.com\/index.php\/wp-json\/wp\/v2\/product_brand?post=65425"},{"taxonomy":"product_cat","embeddable":true,"href":"https:\/\/abinox-chr-clim.com\/index.php\/wp-json\/wp\/v2\/product_cat?post=65425"},{"taxonomy":"product_tag","embeddable":true,"href":"https:\/\/abinox-chr-clim.com\/index.php\/wp-json\/wp\/v2\/product_tag?post=65425"}],"curies":[{"name":"wp","href":"https:\/\/api.w.org\/{rel}","templated":true}]}}