{"id":65420,"date":"2024-03-22T14:50:46","date_gmt":"2024-03-22T13:50:46","guid":{"rendered":"https:\/\/abinox-chr-clim.com\/index.php\/product\/assiettes-creuses-olympia-cafe-noires-205mm-lot-de-12\/"},"modified":"2026-04-24T10:40:55","modified_gmt":"2026-04-24T08:40:55","slug":"assiettes-creuses-olympia-cafe-noires-205mm-lot-de-12","status":"publish","type":"product","link":"https:\/\/abinox-chr-clim.com\/index.php\/product\/assiettes-creuses-olympia-cafe-noires-205mm-lot-de-12\/","title":{"rendered":"Assiettes creuses Olympia Caf\u00e9 noires 205mm (lot de 12)"},"content":{"rendered":"<p>Vaisselle r\u00e9sistant aux \u00e9clats. Le design contemporain apporte une touche de modernit\u00e9 au service du th\u00e9 ou du caf\u00e9. Parfaite pour une utilisation dans toutes sortes d\u00bf\u00e9tablissements, des h\u00f4tels aux salons de th\u00e9.<br \/>Dimensions: 205(\u00d8)mm. Fabriqu\u00e9e \u00e0 partir de gr\u00e8s. Passe au four, au micro-ondes et au lave-vaisselle. Couleurs \u00e0 m\u00e9langer et assortir. Couleur : Noir et blanc. Poids : 0,53kg.Bords ourl\u00e9s et r\u00e9sistants aux \u00e9clats. Dimensions: 205(\u00d8)mm.<\/p>\n<p>Caract\u00e9ristiques :<br \/>Lot : 12.<br \/> Dimensions : 29(H) x 205(\u00d8)mm.<br \/> Mati\u00e8re : Gr\u00e8s.<br \/> Couleur : Noir et blanc.<\/p>\n","protected":false},"excerpt":{"rendered":"<p>Assiettes creuses Olympia Caf\u00e9 noires 205mm (lot de 12)<\/p>\n","protected":false},"featured_media":86938,"comment_status":"closed","ping_status":"closed","template":"","meta":[],"product_brand":[],"product_cat":[1023,1297,1048,1043],"product_tag":[],"class_list":{"0":"post-65420","1":"product","2":"type-product","3":"status-publish","4":"has-post-thumbnail","6":"product_cat-art-de-la-table","7":"product_cat-non-palettisable","8":"product_cat-olympia-vaisselle","9":"product_cat-vaisselle","10":"product_shipping_class-free-shipping","12":"first","13":"instock","14":"featured","15":"taxable","16":"shipping-taxable","17":"purchasable","18":"product-type-simple"},"_links":{"self":[{"href":"https:\/\/abinox-chr-clim.com\/index.php\/wp-json\/wp\/v2\/product\/65420","targetHints":{"allow":["GET"]}}],"collection":[{"href":"https:\/\/abinox-chr-clim.com\/index.php\/wp-json\/wp\/v2\/product"}],"about":[{"href":"https:\/\/abinox-chr-clim.com\/index.php\/wp-json\/wp\/v2\/types\/product"}],"replies":[{"embeddable":true,"href":"https:\/\/abinox-chr-clim.com\/index.php\/wp-json\/wp\/v2\/comments?post=65420"}],"wp:featuredmedia":[{"embeddable":true,"href":"https:\/\/abinox-chr-clim.com\/index.php\/wp-json\/wp\/v2\/media\/86938"}],"wp:attachment":[{"href":"https:\/\/abinox-chr-clim.com\/index.php\/wp-json\/wp\/v2\/media?parent=65420"}],"wp:term":[{"taxonomy":"product_brand","embeddable":true,"href":"https:\/\/abinox-chr-clim.com\/index.php\/wp-json\/wp\/v2\/product_brand?post=65420"},{"taxonomy":"product_cat","embeddable":true,"href":"https:\/\/abinox-chr-clim.com\/index.php\/wp-json\/wp\/v2\/product_cat?post=65420"},{"taxonomy":"product_tag","embeddable":true,"href":"https:\/\/abinox-chr-clim.com\/index.php\/wp-json\/wp\/v2\/product_tag?post=65420"}],"curies":[{"name":"wp","href":"https:\/\/api.w.org\/{rel}","templated":true}]}}